{"id":10989,"date":"2024-06-04T16:11:25","date_gmt":"2024-06-04T14:11:25","guid":{"rendered":"https:\/\/mestrashop.lleset.com\/producto\/ultrasonidos-180-ml-con-luz-uv\/"},"modified":"2025-03-26T14:42:33","modified_gmt":"2025-03-26T13:42:33","slug":"ultrasonidos-180-ml-con-luz-uv","status":"publish","type":"product","link":"https:\/\/mestrashop.lleset.com\/fr\/producto\/ultrasonidos-180-ml-con-luz-uv\/","title":{"rendered":"NETTOYANT ULTRASONS POUR ATTELLES"},"content":{"rendered":"<p>Appareil sp\u00e9cialement con\u00e7u pour nettoyer les crochets, les aligneurs, les prot\u00e8ge-dents, les goutti\u00e8res de blanchiment, les proth\u00e8ses dentaires, les brosses \u00e0 dents, etc. Il peut \u00e9galement \u00eatre utilis\u00e9 comme nettoyant pour bijoux.<\/p>\n<p>Sa puissance de 28 W assure un nettoyage efficace en quelques minutes seulement. La lampe UV-LED situ\u00e9e sur le couvercle permet de d\u00e9sinfecter les objets plac\u00e9s dans<br \/>\nle r\u00e9servoir tout en les nettoyant.<\/p>\n<p>Les dimensions r\u00e9duites de l\u2019appareil permettent de l\u2019utiliser et de le ranger n\u2019importe o\u00f9. M\u00eame dans un sac de voyage. L\u2019appareil est dot\u00e9 d\u2019une utile minuterie num\u00e9rique avec<br \/>\nun compte \u00e0 rebours.<\/p>\n","protected":false},"excerpt":{"rendered":"<p>Appareil sp\u00e9cialement con\u00e7u pour nettoyer les crochets, les aligneurs, les prot\u00e8ge-dents, les goutti\u00e8res de blanchiment, les proth\u00e8ses dentaires, les brosses \u00e0 dents, etc. Il peut \u00e9galement \u00eatre utilis\u00e9 comme nettoyant pour bijoux. Sa puissance de 28 W assure un nettoyage efficace en quelques minutes seulement. La lampe UV-LED situ\u00e9e sur le couvercle permet de d\u00e9sinfecter [&hellip;]<\/p>\n","protected":false},"featured_media":10307,"comment_status":"closed","ping_status":"closed","template":"","meta":{"_acf_changed":false},"product_brand":[],"product_cat":[1303],"product_tag":[],"class_list":{"0":"post-10989","1":"product","2":"type-product","3":"status-publish","4":"has-post-thumbnail","6":"product_cat-ultrasons","8":"first","9":"instock","10":"purchasable","11":"product-type-simple"},"acf":[],"_links":{"self":[{"href":"https:\/\/mestrashop.lleset.com\/fr\/wp-json\/wp\/v2\/product\/10989","targetHints":{"allow":["GET"]}}],"collection":[{"href":"https:\/\/mestrashop.lleset.com\/fr\/wp-json\/wp\/v2\/product"}],"about":[{"href":"https:\/\/mestrashop.lleset.com\/fr\/wp-json\/wp\/v2\/types\/product"}],"replies":[{"embeddable":true,"href":"https:\/\/mestrashop.lleset.com\/fr\/wp-json\/wp\/v2\/comments?post=10989"}],"wp:featuredmedia":[{"embeddable":true,"href":"https:\/\/mestrashop.lleset.com\/fr\/wp-json\/wp\/v2\/media\/10307"}],"wp:attachment":[{"href":"https:\/\/mestrashop.lleset.com\/fr\/wp-json\/wp\/v2\/media?parent=10989"}],"wp:term":[{"taxonomy":"product_brand","embeddable":true,"href":"https:\/\/mestrashop.lleset.com\/fr\/wp-json\/wp\/v2\/product_brand?post=10989"},{"taxonomy":"product_cat","embeddable":true,"href":"https:\/\/mestrashop.lleset.com\/fr\/wp-json\/wp\/v2\/product_cat?post=10989"},{"taxonomy":"product_tag","embeddable":true,"href":"https:\/\/mestrashop.lleset.com\/fr\/wp-json\/wp\/v2\/product_tag?post=10989"}],"curies":[{"name":"wp","href":"https:\/\/api.w.org\/{rel}","templated":true}]}}