{"id":11041,"date":"2024-05-30T14:15:40","date_gmt":"2024-05-30T12:15:40","guid":{"rendered":"https:\/\/mestrashop.lleset.com\/producto\/vaporeta-titan-autofill\/"},"modified":"2025-07-03T12:20:51","modified_gmt":"2025-07-03T10:20:51","slug":"vaporeta-titan-autofill","status":"publish","type":"product","link":"https:\/\/mestrashop.lleset.com\/fr\/producto\/vaporeta-titan-autofill\/","title":{"rendered":"GENERATEUR DE VAPEUR &#8211; TITAN 8 AUTOFILL"},"content":{"rendered":"<h3><strong>Generateur de vapeur Titan 8 Autofill<\/strong><\/h3>\n<ul>\n<li>Fabriqu\u00e9es en acier inoxydable avec des composants de haute qualit\u00e9 pour une long\u00e9vit\u00e9 optimale.<\/li>\n<li>Pressostat num\u00e9rique.<\/li>\n<li>Indicateur de remplissage et de manque d&rsquo;eau.<\/li>\n<li>C\u00e2ble de connexion avec diff\u00e9rentiel int\u00e9gr\u00e9.<\/li>\n<li>Robinet de vidange avec verrouillage de s\u00e9curit\u00e9.<\/li>\n<\/ul>\n<p><strong>TITAN 8 <a href=\"https:\/\/mestrashop.lleset.com\/fr\/producto\/vaporeta-titan-8\/\">(ref. 100202)<\/a><\/strong> Machine \u00e0 vapeur classique: L&rsquo;eau distill\u00e9e se met directement dans la chaudi\u00e8re.<\/p>\n<p><strong>TITAN AUTOFILL <a href=\"https:\/\/mestrashop.lleset.com\/fr\/producto\/vaporeta-titan-autofill\/\">(ref. 100203)<\/a><\/strong> Ce mod\u00e8le b\u00e9n\u00e9ficie d&rsquo;un dispositif qui permet de s&rsquo;auto-alimenter en eau par un raccordement externe \u00e0 un bidon d&rsquo;eau (distill\u00e9e).<\/p>\n<p><strong>TITAN PLUS <a href=\"https:\/\/mestrashop.lleset.com\/fr\/producto\/vaporeta-titan-plus\/\">(ref. 100204)<\/a><\/strong> dispose \u00e9galement d&rsquo;un r\u00e9servoir suppl\u00e9mentaire pour l&rsquo;eau distill\u00e9e. L&rsquo;eau peut \u00eatre charg\u00e9e dans ce r\u00e9servoir pendant que la machine fonctionne. Pas besoin d&rsquo;\u00e9teindre la machine ni d&rsquo;attendre que la pression baisse! Il suffit simplement d&rsquo;oter sans risques le bouchon du r\u00e9servoir auxiliaire et de verser l&rsquo;eau chaque fois que vous en aurez besoin. Plus s\u00fbr et sans interruption.<\/p>\n<p>&nbsp;<\/p>\n<table style=\"border-collapse: collapse; width: 100%;\" border=\"1\">\n<tbody>\n<tr style=\"height: 24px;\">\n<td style=\"width: 16.9086%; text-align: center; height: 24px;\"><strong>TITAN 8 (ref. 100202)<\/strong><\/td>\n<td style=\"width: 22.1802%; text-align: center; height: 24px;\"><strong>TITAN AUTOFILL (ref. 100203)<\/strong><\/td>\n<td style=\"width: 18.3768%; text-align: center; height: 24px;\"><strong>TITAN PLUS (ref. 100204)<\/strong><\/td>\n<\/tr>\n<tr style=\"height: 13px;\">\n<td style=\"width: 16.9086%; height: 13px; text-align: center;\">Remplissage manuel.<\/td>\n<td style=\"width: 22.1802%; height: 13px; text-align: center;\">Remplissage manuel.<\/td>\n<td style=\"width: 18.3768%; height: 13px; text-align: center;\">Remplissage manuel.<\/td>\n<\/tr>\n<tr style=\"height: 10px;\">\n<td style=\"width: 16.9086%; height: 10px; text-align: center;\"><\/td>\n<td style=\"width: 22.1802%; height: 10px; text-align: center;\">Auto-remplissage<br \/>\nsans avoir \u00e0 d\u00e9brancher<br \/>\nla prise (bidon d&rsquo;eau distill\u00e9e externe).<\/td>\n<td style=\"width: 18.3768%; height: 10px; text-align: center;\">Auto-remplissage sans besoin de d\u00e9pressuriser par un r\u00e9servoir externe (int\u00e9gr\u00e9 dans la machine)<\/td>\n<\/tr>\n<tr style=\"height: 24px;\">\n<td style=\"width: 16.9086%; height: 24px; text-align: center;\"><\/td>\n<td style=\"width: 22.1802%; height: 24px; text-align: center;\"><\/td>\n<td style=\"width: 18.3768%; height: 24px; text-align: center;\">Branchement direct<br \/>\nau r\u00e9seau d&rsquo;eau.<\/td>\n<\/tr>\n<\/tbody>\n<\/table>\n<p>&nbsp;<\/p>\n","protected":false},"excerpt":{"rendered":"<p>Generateur de vapeur Titan 8 Autofill<\/p>\n","protected":false},"featured_media":10275,"comment_status":"closed","ping_status":"closed","template":"","meta":{"_acf_changed":false},"product_brand":[],"product_cat":[1282],"product_tag":[],"class_list":{"0":"post-11041","1":"product","2":"type-product","3":"status-publish","4":"has-post-thumbnail","6":"product_cat-machines-a-vapeur","8":"first","9":"instock","10":"purchasable","11":"product-type-simple"},"acf":[],"_links":{"self":[{"href":"https:\/\/mestrashop.lleset.com\/fr\/wp-json\/wp\/v2\/product\/11041","targetHints":{"allow":["GET"]}}],"collection":[{"href":"https:\/\/mestrashop.lleset.com\/fr\/wp-json\/wp\/v2\/product"}],"about":[{"href":"https:\/\/mestrashop.lleset.com\/fr\/wp-json\/wp\/v2\/types\/product"}],"replies":[{"embeddable":true,"href":"https:\/\/mestrashop.lleset.com\/fr\/wp-json\/wp\/v2\/comments?post=11041"}],"wp:featuredmedia":[{"embeddable":true,"href":"https:\/\/mestrashop.lleset.com\/fr\/wp-json\/wp\/v2\/media\/10275"}],"wp:attachment":[{"href":"https:\/\/mestrashop.lleset.com\/fr\/wp-json\/wp\/v2\/media?parent=11041"}],"wp:term":[{"taxonomy":"product_brand","embeddable":true,"href":"https:\/\/mestrashop.lleset.com\/fr\/wp-json\/wp\/v2\/product_brand?post=11041"},{"taxonomy":"product_cat","embeddable":true,"href":"https:\/\/mestrashop.lleset.com\/fr\/wp-json\/wp\/v2\/product_cat?post=11041"},{"taxonomy":"product_tag","embeddable":true,"href":"https:\/\/mestrashop.lleset.com\/fr\/wp-json\/wp\/v2\/product_tag?post=11041"}],"curies":[{"name":"wp","href":"https:\/\/api.w.org\/{rel}","templated":true}]}}