{"id":12089,"date":"2024-03-11T16:30:17","date_gmt":"2024-03-11T15:30:17","guid":{"rendered":"https:\/\/mestrashop.lleset.com\/producto\/ultrasonidos-inox\/"},"modified":"2025-03-26T14:55:44","modified_gmt":"2025-03-26T13:55:44","slug":"ultrasonidos-inox","status":"publish","type":"product","link":"https:\/\/mestrashop.lleset.com\/fr\/producto\/ultrasonidos-inox\/","title":{"rendered":"Bac a ultrasons en acier inoxydable"},"content":{"rendered":"<p><strong>Convient pour nettoyer les mod\u00e8les imprim\u00e9s en 3D avec de la r\u00e9sine.<\/strong><\/p>\n<ul>\n<li>Fabriqu\u00e9 en acier inoxydable: haute r\u00e9sistance \u00e0 l&rsquo;usure et longue dur\u00e9e de vie.<\/li>\n<li>Contr\u00f4le du temps num\u00e9rique, facile \u00e0 utiliser.<\/li>\n<li>Il y a une \u00e9vacuation sur le c\u00f4t\u00e9.<\/li>\n<li>Temps de 1 \u00e0 100 minutes.<\/li>\n<li>Temp\u00e9rature de 1 \u00e0 80 \u00baC.<\/li>\n<\/ul>\n","protected":false},"excerpt":{"rendered":"<p>Bac a ultrasons en acier inoxydable 2,8l &#8211; 3,4l &#8211; 5,8l<\/p>\n","protected":false},"featured_media":16242,"comment_status":"closed","ping_status":"closed","template":"","meta":{"_acf_changed":false},"product_brand":[],"product_cat":[1303,2024],"product_tag":[],"class_list":{"0":"post-12089","1":"product","2":"type-product","3":"status-publish","4":"has-post-thumbnail","6":"product_cat-ultrasons","7":"product_cat-bains-a-ultrasons","9":"first","10":"instock","11":"purchasable","12":"product-type-variable"},"acf":[],"_links":{"self":[{"href":"https:\/\/mestrashop.lleset.com\/fr\/wp-json\/wp\/v2\/product\/12089","targetHints":{"allow":["GET"]}}],"collection":[{"href":"https:\/\/mestrashop.lleset.com\/fr\/wp-json\/wp\/v2\/product"}],"about":[{"href":"https:\/\/mestrashop.lleset.com\/fr\/wp-json\/wp\/v2\/types\/product"}],"replies":[{"embeddable":true,"href":"https:\/\/mestrashop.lleset.com\/fr\/wp-json\/wp\/v2\/comments?post=12089"}],"wp:featuredmedia":[{"embeddable":true,"href":"https:\/\/mestrashop.lleset.com\/fr\/wp-json\/wp\/v2\/media\/16242"}],"wp:attachment":[{"href":"https:\/\/mestrashop.lleset.com\/fr\/wp-json\/wp\/v2\/media?parent=12089"}],"wp:term":[{"taxonomy":"product_brand","embeddable":true,"href":"https:\/\/mestrashop.lleset.com\/fr\/wp-json\/wp\/v2\/product_brand?post=12089"},{"taxonomy":"product_cat","embeddable":true,"href":"https:\/\/mestrashop.lleset.com\/fr\/wp-json\/wp\/v2\/product_cat?post=12089"},{"taxonomy":"product_tag","embeddable":true,"href":"https:\/\/mestrashop.lleset.com\/fr\/wp-json\/wp\/v2\/product_tag?post=12089"}],"curies":[{"name":"wp","href":"https:\/\/api.w.org\/{rel}","templated":true}]}}