{"id":12139,"date":"2024-03-11T13:40:54","date_gmt":"2024-03-11T12:40:54","guid":{"rendered":"https:\/\/mestrashop.lleset.com\/producto\/lampara-de-polimerizacion-led-c\/"},"modified":"2025-03-31T09:58:39","modified_gmt":"2025-03-31T07:58:39","slug":"lampara-de-polimerizacion-led-c","status":"publish","type":"product","link":"https:\/\/mestrashop.lleset.com\/fr\/producto\/lampara-de-polimerizacion-led-c\/","title":{"rendered":"LAMPE A POLYMERISER LED.C"},"content":{"rendered":"<p>Lampe \u00e0 photopolym\u00e9riser \u00e0 batterie. Repose sur une base\/chargeur. Tr\u00e8s l\u00e9g\u00e8re. Facile \u00e0 manipuler.<\/p>\n<p>L&#8217;embout optique est d\u00e9montable et st\u00e9rilisable.<\/p>\n<p>Quatre modes d&rsquo;utilisation diff\u00e9rents.<\/p>\n","protected":false},"excerpt":{"rendered":"<p>Lampe \u00e0 photopolym\u00e9riser \u00e0 batterie. Repose sur une base\/chargeur. Tr\u00e8s l\u00e9g\u00e8re. Facile \u00e0 manipuler. L&#8217;embout optique est d\u00e9montable et st\u00e9rilisable. Quatre modes d&rsquo;utilisation diff\u00e9rents.<\/p>\n","protected":false},"featured_media":9765,"comment_status":"closed","ping_status":"closed","template":"","meta":{"_acf_changed":false},"product_brand":[],"product_cat":[1994],"product_tag":[],"class_list":{"0":"post-12139","1":"product","2":"type-product","3":"status-publish","4":"has-post-thumbnail","6":"product_cat-lampes-uv","8":"first","9":"instock","10":"product-type-simple"},"acf":[],"_links":{"self":[{"href":"https:\/\/mestrashop.lleset.com\/fr\/wp-json\/wp\/v2\/product\/12139","targetHints":{"allow":["GET"]}}],"collection":[{"href":"https:\/\/mestrashop.lleset.com\/fr\/wp-json\/wp\/v2\/product"}],"about":[{"href":"https:\/\/mestrashop.lleset.com\/fr\/wp-json\/wp\/v2\/types\/product"}],"replies":[{"embeddable":true,"href":"https:\/\/mestrashop.lleset.com\/fr\/wp-json\/wp\/v2\/comments?post=12139"}],"wp:featuredmedia":[{"embeddable":true,"href":"https:\/\/mestrashop.lleset.com\/fr\/wp-json\/wp\/v2\/media\/9765"}],"wp:attachment":[{"href":"https:\/\/mestrashop.lleset.com\/fr\/wp-json\/wp\/v2\/media?parent=12139"}],"wp:term":[{"taxonomy":"product_brand","embeddable":true,"href":"https:\/\/mestrashop.lleset.com\/fr\/wp-json\/wp\/v2\/product_brand?post=12139"},{"taxonomy":"product_cat","embeddable":true,"href":"https:\/\/mestrashop.lleset.com\/fr\/wp-json\/wp\/v2\/product_cat?post=12139"},{"taxonomy":"product_tag","embeddable":true,"href":"https:\/\/mestrashop.lleset.com\/fr\/wp-json\/wp\/v2\/product_tag?post=12139"}],"curies":[{"name":"wp","href":"https:\/\/api.w.org\/{rel}","templated":true}]}}