{"id":12143,"date":"2024-03-11T13:40:53","date_gmt":"2024-03-11T12:40:53","guid":{"rendered":"https:\/\/mestrashop.lleset.com\/producto\/destilador-descalcificador\/"},"modified":"2025-03-31T10:50:04","modified_gmt":"2025-03-31T08:50:04","slug":"destilador-descalcificador","status":"publish","type":"product","link":"https:\/\/mestrashop.lleset.com\/fr\/producto\/destilador-descalcificador\/","title":{"rendered":"MACHINE A DISTILLER ET A DECALCIFIER"},"content":{"rendered":"<p>Simple et pratique. Il suffit de remplir avec de l\u0092eau du robinet pour obtenir 4 litres d&rsquo;eau distill\u00e9e dans un temps approximatif de 5 heures.<\/p>\n<p>Fonctionnement compl\u00e8tement automatique et silencieux. Le nettoyage de la cuve est ais\u00e9 et rapide. L&rsquo;eau ainsi distill\u00e9e est d&rsquo;une grande puret\u00e9. (entre 2 y 10 mg\/litre de r\u00e9sidu liquide) et peut \u00eatre employ\u00e9e dans une multitude d&rsquo;applications tant en cabinet dentaire qu&rsquo;en laboratoire de proth\u00e8ses (autoclaves, eau de m\u00e9lange pour rev\u00eatements et pl\u00e2tres, pour g\u00e9n\u00e9rateurs de vapeur etc.).<\/p>\n<p><strong>IMPORTANT- L&rsquo;eau produite correspond a type \u00ab\u00a0DISTILLEE\u00a0\u00bb. Cependant elle ne doit pas servir en injection, nettoyage de blessures ni m\u00eame en g\u00e9n\u00e9ral pour toutes d&rsquo;application de type chirurgical n\u00e9cessitant une puret\u00e9 de type TRI-DISTILL\u00c9E.<\/strong><\/p>\n","protected":false},"excerpt":{"rendered":"<p>Simple et pratique. Il suffit de remplir avec de l\u0092eau du robinet pour obtenir 4 litres d&rsquo;eau distill\u00e9e dans un temps approximatif de 5 heures. Fonctionnement compl\u00e8tement automatique et silencieux. Le nettoyage de la cuve est ais\u00e9 et rapide. L&rsquo;eau ainsi distill\u00e9e est d&rsquo;une grande puret\u00e9. (entre 2 y 10 mg\/litre de r\u00e9sidu liquide) et [&hellip;]<\/p>\n","protected":false},"featured_media":16025,"comment_status":"closed","ping_status":"closed","template":"","meta":{"_acf_changed":false},"product_brand":[],"product_cat":[2031],"product_tag":[],"class_list":{"0":"post-12143","1":"product","2":"type-product","3":"status-publish","4":"has-post-thumbnail","6":"product_cat-sterilisation","8":"first","9":"instock","10":"product-type-simple"},"acf":[],"_links":{"self":[{"href":"https:\/\/mestrashop.lleset.com\/fr\/wp-json\/wp\/v2\/product\/12143","targetHints":{"allow":["GET"]}}],"collection":[{"href":"https:\/\/mestrashop.lleset.com\/fr\/wp-json\/wp\/v2\/product"}],"about":[{"href":"https:\/\/mestrashop.lleset.com\/fr\/wp-json\/wp\/v2\/types\/product"}],"replies":[{"embeddable":true,"href":"https:\/\/mestrashop.lleset.com\/fr\/wp-json\/wp\/v2\/comments?post=12143"}],"wp:featuredmedia":[{"embeddable":true,"href":"https:\/\/mestrashop.lleset.com\/fr\/wp-json\/wp\/v2\/media\/16025"}],"wp:attachment":[{"href":"https:\/\/mestrashop.lleset.com\/fr\/wp-json\/wp\/v2\/media?parent=12143"}],"wp:term":[{"taxonomy":"product_brand","embeddable":true,"href":"https:\/\/mestrashop.lleset.com\/fr\/wp-json\/wp\/v2\/product_brand?post=12143"},{"taxonomy":"product_cat","embeddable":true,"href":"https:\/\/mestrashop.lleset.com\/fr\/wp-json\/wp\/v2\/product_cat?post=12143"},{"taxonomy":"product_tag","embeddable":true,"href":"https:\/\/mestrashop.lleset.com\/fr\/wp-json\/wp\/v2\/product_tag?post=12143"}],"curies":[{"name":"wp","href":"https:\/\/api.w.org\/{rel}","templated":true}]}}