{"id":12145,"date":"2024-03-11T13:40:53","date_gmt":"2024-03-11T12:40:53","guid":{"rendered":"https:\/\/mestrashop.lleset.com\/producto\/mezcladora-centrifuga-automatica-de-alginato\/"},"modified":"2025-07-09T14:21:40","modified_gmt":"2025-07-09T12:21:40","slug":"mezcladora-centrifuga-automatica-de-alginato","status":"publish","type":"product","link":"https:\/\/mestrashop.lleset.com\/fr\/producto\/mezcladora-centrifuga-automatica-de-alginato\/","title":{"rendered":"MELANGEUR ALGINATE CENTRIFUGE AUTOMATIQUE"},"content":{"rendered":"<ul>\n<li>Ce malaxeur est silencieux de dimensions r\u00e9duites. Il est fonctionnel, \u00e9conomique et fiable.<\/li>\n<li>Compact, vu ses dimensions r\u00e9duites, elle trouVoir produita facilement sa place.<\/li>\n<li>Son design lui permet des s\u0092int\u00e9grer parfaitement au cabinet dentaire.<\/li>\n<li>Melange maxima: Alginate + eau= 80 g.<\/li>\n<\/ul>\n","protected":false},"excerpt":{"rendered":"<p>Ce malaxeur est silencieux de dimensions r\u00e9duites. Il est fonctionnel, \u00e9conomique et fiable. Compact, vu ses dimensions r\u00e9duites, elle trouVoir produita facilement sa place. Son design lui permet des s\u0092int\u00e9grer parfaitement au cabinet dentaire. Melange maxima: Alginate + eau= 80 g.<\/p>\n","protected":false},"featured_media":9869,"comment_status":"closed","ping_status":"closed","template":"","meta":{"_acf_changed":false},"product_brand":[],"product_cat":[2000],"product_tag":[],"class_list":{"0":"post-12145","1":"product","2":"type-product","3":"status-publish","4":"has-post-thumbnail","6":"product_cat-alginate-fr","8":"first","9":"instock","10":"product-type-simple"},"acf":[],"_links":{"self":[{"href":"https:\/\/mestrashop.lleset.com\/fr\/wp-json\/wp\/v2\/product\/12145","targetHints":{"allow":["GET"]}}],"collection":[{"href":"https:\/\/mestrashop.lleset.com\/fr\/wp-json\/wp\/v2\/product"}],"about":[{"href":"https:\/\/mestrashop.lleset.com\/fr\/wp-json\/wp\/v2\/types\/product"}],"replies":[{"embeddable":true,"href":"https:\/\/mestrashop.lleset.com\/fr\/wp-json\/wp\/v2\/comments?post=12145"}],"wp:featuredmedia":[{"embeddable":true,"href":"https:\/\/mestrashop.lleset.com\/fr\/wp-json\/wp\/v2\/media\/9869"}],"wp:attachment":[{"href":"https:\/\/mestrashop.lleset.com\/fr\/wp-json\/wp\/v2\/media?parent=12145"}],"wp:term":[{"taxonomy":"product_brand","embeddable":true,"href":"https:\/\/mestrashop.lleset.com\/fr\/wp-json\/wp\/v2\/product_brand?post=12145"},{"taxonomy":"product_cat","embeddable":true,"href":"https:\/\/mestrashop.lleset.com\/fr\/wp-json\/wp\/v2\/product_cat?post=12145"},{"taxonomy":"product_tag","embeddable":true,"href":"https:\/\/mestrashop.lleset.com\/fr\/wp-json\/wp\/v2\/product_tag?post=12145"}],"curies":[{"name":"wp","href":"https:\/\/api.w.org\/{rel}","templated":true}]}}