{"id":12149,"date":"2024-03-11T13:40:52","date_gmt":"2024-03-11T12:40:52","guid":{"rendered":"https:\/\/mestrashop.lleset.com\/producto\/mezcladora-de-alginato\/"},"modified":"2025-03-31T10:55:36","modified_gmt":"2025-03-31T08:55:36","slug":"mezcladora-de-alginato","status":"publish","type":"product","link":"https:\/\/mestrashop.lleset.com\/fr\/producto\/mezcladora-de-alginato\/","title":{"rendered":"MELANGEUR ALGINATE"},"content":{"rendered":"<p>Outil pratique pour l&rsquo;\u00e9laboration de p\u00e2te alginate dans les cliniques dentaires.<\/p>\n<p>Son fonctionnement est simple. Il suffit de mettre la poudre et l&rsquo;eau dans un bol et d&rsquo;appuyer sur le bouton correspondant \u00e0 la vitesse de rotation (rapide\/lente). Durant le m\u00e9lange l&rsquo;utilisateur peut p\u00e9trir avec une spatule jusqu&rsquo; \u00e0 obtention de la consistance et de la texture voulues.<\/p>\n<p>Le processus peut \u00eatre contr\u00f4l\u00e9 \u00e0 tout moment par le technicien, ce quigarantit un m\u00e9lange optimal pour son application. Pour faciliter len ettoyage le bol est d\u00e9montable. A noter \u00e9galement ses dimensions r\u00e9duites, sa ligne attractive et son nettoyage ais\u00e9.<\/p>\n<p><iframe loading=\"lazy\" title=\"YouTube video player\" src=\"https:\/\/www.youtube.com\/embed\/TXv9OenZ5zM?si=vNLGevQ39hwUOCKF\" width=\"560\" height=\"315\" frameborder=\"0\" allowfullscreen=\"allowfullscreen\"><\/iframe><\/p>\n","protected":false},"excerpt":{"rendered":"<p>M\u00e9langeur alginate<\/p>\n","protected":false},"featured_media":9867,"comment_status":"closed","ping_status":"closed","template":"","meta":{"_acf_changed":false},"product_brand":[],"product_cat":[2000],"product_tag":[],"class_list":{"0":"post-12149","1":"product","2":"type-product","3":"status-publish","4":"has-post-thumbnail","6":"product_cat-alginate-fr","8":"first","9":"instock","10":"product-type-simple"},"acf":[],"_links":{"self":[{"href":"https:\/\/mestrashop.lleset.com\/fr\/wp-json\/wp\/v2\/product\/12149","targetHints":{"allow":["GET"]}}],"collection":[{"href":"https:\/\/mestrashop.lleset.com\/fr\/wp-json\/wp\/v2\/product"}],"about":[{"href":"https:\/\/mestrashop.lleset.com\/fr\/wp-json\/wp\/v2\/types\/product"}],"replies":[{"embeddable":true,"href":"https:\/\/mestrashop.lleset.com\/fr\/wp-json\/wp\/v2\/comments?post=12149"}],"wp:featuredmedia":[{"embeddable":true,"href":"https:\/\/mestrashop.lleset.com\/fr\/wp-json\/wp\/v2\/media\/9867"}],"wp:attachment":[{"href":"https:\/\/mestrashop.lleset.com\/fr\/wp-json\/wp\/v2\/media?parent=12149"}],"wp:term":[{"taxonomy":"product_brand","embeddable":true,"href":"https:\/\/mestrashop.lleset.com\/fr\/wp-json\/wp\/v2\/product_brand?post=12149"},{"taxonomy":"product_cat","embeddable":true,"href":"https:\/\/mestrashop.lleset.com\/fr\/wp-json\/wp\/v2\/product_cat?post=12149"},{"taxonomy":"product_tag","embeddable":true,"href":"https:\/\/mestrashop.lleset.com\/fr\/wp-json\/wp\/v2\/product_tag?post=12149"}],"curies":[{"name":"wp","href":"https:\/\/api.w.org\/{rel}","templated":true}]}}