{"id":12185,"date":"2024-03-11T13:40:43","date_gmt":"2024-03-11T12:40:43","guid":{"rendered":"https:\/\/mestrashop.lleset.com\/producto\/recipiente-para-la-esterilizacion-de-fresas\/"},"modified":"2025-03-31T16:04:59","modified_gmt":"2025-03-31T14:04:59","slug":"recipiente-para-la-esterilizacion-de-fresas","status":"publish","type":"product","link":"https:\/\/mestrashop.lleset.com\/fr\/producto\/recipiente-para-la-esterilizacion-de-fresas\/","title":{"rendered":"DECONTAMINATEUR DE FRAISES"},"content":{"rendered":"<p>D\u00e9contaminateur de fraises.<\/p>\n<ul>\n<li>Fabriqu\u00e9 dans un mat\u00e9riau r\u00e9sistant aux agents chimiques employ\u00e9s pour la st\u00e9rilisation.<\/li>\n<li>Grace \u00e0 sa transparence on peut voir a? tout moment le contenu et mieux controller le process.<\/li>\n<\/ul>\n","protected":false},"excerpt":{"rendered":"<p>D\u00e9contaminateur de fraises.<\/p>\n","protected":false},"featured_media":9533,"comment_status":"closed","ping_status":"closed","template":"","meta":{"_acf_changed":false},"product_brand":[],"product_cat":[2028],"product_tag":[],"class_list":{"0":"post-12185","1":"product","2":"type-product","3":"status-publish","4":"has-post-thumbnail","6":"product_cat-sterilisateur-de-fraises","8":"first","9":"instock","10":"product-type-simple"},"acf":[],"_links":{"self":[{"href":"https:\/\/mestrashop.lleset.com\/fr\/wp-json\/wp\/v2\/product\/12185","targetHints":{"allow":["GET"]}}],"collection":[{"href":"https:\/\/mestrashop.lleset.com\/fr\/wp-json\/wp\/v2\/product"}],"about":[{"href":"https:\/\/mestrashop.lleset.com\/fr\/wp-json\/wp\/v2\/types\/product"}],"replies":[{"embeddable":true,"href":"https:\/\/mestrashop.lleset.com\/fr\/wp-json\/wp\/v2\/comments?post=12185"}],"wp:featuredmedia":[{"embeddable":true,"href":"https:\/\/mestrashop.lleset.com\/fr\/wp-json\/wp\/v2\/media\/9533"}],"wp:attachment":[{"href":"https:\/\/mestrashop.lleset.com\/fr\/wp-json\/wp\/v2\/media?parent=12185"}],"wp:term":[{"taxonomy":"product_brand","embeddable":true,"href":"https:\/\/mestrashop.lleset.com\/fr\/wp-json\/wp\/v2\/product_brand?post=12185"},{"taxonomy":"product_cat","embeddable":true,"href":"https:\/\/mestrashop.lleset.com\/fr\/wp-json\/wp\/v2\/product_cat?post=12185"},{"taxonomy":"product_tag","embeddable":true,"href":"https:\/\/mestrashop.lleset.com\/fr\/wp-json\/wp\/v2\/product_tag?post=12185"}],"curies":[{"name":"wp","href":"https:\/\/api.w.org\/{rel}","templated":true}]}}