{"id":12187,"date":"2024-03-11T13:40:42","date_gmt":"2024-03-11T12:40:42","guid":{"rendered":"https:\/\/mestrashop.lleset.com\/producto\/descontaminador-de-fresas\/"},"modified":"2025-03-31T16:16:50","modified_gmt":"2025-03-31T14:16:50","slug":"descontaminador-de-fresas","status":"publish","type":"product","link":"https:\/\/mestrashop.lleset.com\/fr\/producto\/descontaminador-de-fresas\/","title":{"rendered":"DECONTAMINATEUR DE FRAISES"},"content":{"rendered":"<p>D\u00e9contaminateur de fraises. Permet un nettoyage rapide et pratique des fraises dentaires.<\/p>\n<p>Le produit est compos\u00e9 de trois \u00e9l\u00e9ments en acier inoxydable: une petite cuve, un panier pour le placement des fraises, un couvercle avec une fente.<\/p>\n","protected":false},"excerpt":{"rendered":"<p>D\u00e9contaminateur de fraises. Permet un nettoyage rapide et pratique des fraises dentaires. Le produit est compos\u00e9 de trois \u00e9l\u00e9ments en acier inoxydable: une petite cuve, un panier pour le placement des fraises, un couvercle avec une fente.<\/p>\n","protected":false},"featured_media":9531,"comment_status":"closed","ping_status":"closed","template":"","meta":{"_acf_changed":false},"product_brand":[],"product_cat":[2028],"product_tag":[],"class_list":{"0":"post-12187","1":"product","2":"type-product","3":"status-publish","4":"has-post-thumbnail","6":"product_cat-sterilisateur-de-fraises","8":"first","9":"instock","10":"product-type-simple"},"acf":[],"_links":{"self":[{"href":"https:\/\/mestrashop.lleset.com\/fr\/wp-json\/wp\/v2\/product\/12187","targetHints":{"allow":["GET"]}}],"collection":[{"href":"https:\/\/mestrashop.lleset.com\/fr\/wp-json\/wp\/v2\/product"}],"about":[{"href":"https:\/\/mestrashop.lleset.com\/fr\/wp-json\/wp\/v2\/types\/product"}],"replies":[{"embeddable":true,"href":"https:\/\/mestrashop.lleset.com\/fr\/wp-json\/wp\/v2\/comments?post=12187"}],"wp:featuredmedia":[{"embeddable":true,"href":"https:\/\/mestrashop.lleset.com\/fr\/wp-json\/wp\/v2\/media\/9531"}],"wp:attachment":[{"href":"https:\/\/mestrashop.lleset.com\/fr\/wp-json\/wp\/v2\/media?parent=12187"}],"wp:term":[{"taxonomy":"product_brand","embeddable":true,"href":"https:\/\/mestrashop.lleset.com\/fr\/wp-json\/wp\/v2\/product_brand?post=12187"},{"taxonomy":"product_cat","embeddable":true,"href":"https:\/\/mestrashop.lleset.com\/fr\/wp-json\/wp\/v2\/product_cat?post=12187"},{"taxonomy":"product_tag","embeddable":true,"href":"https:\/\/mestrashop.lleset.com\/fr\/wp-json\/wp\/v2\/product_tag?post=12187"}],"curies":[{"name":"wp","href":"https:\/\/api.w.org\/{rel}","templated":true}]}}