{"id":12195,"date":"2024-03-11T13:40:40","date_gmt":"2024-03-11T12:40:40","guid":{"rendered":"https:\/\/mestrashop.lleset.com\/producto\/pinzas-para-sujecion-de-film-rayos-x-4-u\/"},"modified":"2025-04-01T11:38:28","modified_gmt":"2025-04-01T09:38:28","slug":"pinzas-para-sujecion-de-film-rayos-x-4-u","status":"publish","type":"product","link":"https:\/\/mestrashop.lleset.com\/fr\/producto\/pinzas-para-sujecion-de-film-rayos-x-4-u\/","title":{"rendered":"PINCE A RADIOS DENTAIRES (4 UNITES)"},"content":{"rendered":"<ul>\n<li>Pince pour film radiographique.<\/li>\n<li>Fabriqu\u00e9e en mati\u00e8re plastique, totalement perm\u00e9able aux rayons X.<\/li>\n<li>Pour une manipulation pr\u00e9cise et facile des films radiographiques.<\/li>\n<li>Non autoclavable.<\/li>\n<\/ul>\n","protected":false},"excerpt":{"rendered":"<p>Pince pour film radiographique (4 unit\u00e9s)<\/p>\n","protected":false},"featured_media":9517,"comment_status":"closed","ping_status":"closed","template":"","meta":{"_acf_changed":false},"product_brand":[],"product_cat":[1364],"product_tag":[],"class_list":{"0":"post-12195","1":"product","2":"type-product","3":"status-publish","4":"has-post-thumbnail","6":"product_cat-rayons-x","8":"first","9":"instock","10":"product-type-simple"},"acf":[],"_links":{"self":[{"href":"https:\/\/mestrashop.lleset.com\/fr\/wp-json\/wp\/v2\/product\/12195","targetHints":{"allow":["GET"]}}],"collection":[{"href":"https:\/\/mestrashop.lleset.com\/fr\/wp-json\/wp\/v2\/product"}],"about":[{"href":"https:\/\/mestrashop.lleset.com\/fr\/wp-json\/wp\/v2\/types\/product"}],"replies":[{"embeddable":true,"href":"https:\/\/mestrashop.lleset.com\/fr\/wp-json\/wp\/v2\/comments?post=12195"}],"wp:featuredmedia":[{"embeddable":true,"href":"https:\/\/mestrashop.lleset.com\/fr\/wp-json\/wp\/v2\/media\/9517"}],"wp:attachment":[{"href":"https:\/\/mestrashop.lleset.com\/fr\/wp-json\/wp\/v2\/media?parent=12195"}],"wp:term":[{"taxonomy":"product_brand","embeddable":true,"href":"https:\/\/mestrashop.lleset.com\/fr\/wp-json\/wp\/v2\/product_brand?post=12195"},{"taxonomy":"product_cat","embeddable":true,"href":"https:\/\/mestrashop.lleset.com\/fr\/wp-json\/wp\/v2\/product_cat?post=12195"},{"taxonomy":"product_tag","embeddable":true,"href":"https:\/\/mestrashop.lleset.com\/fr\/wp-json\/wp\/v2\/product_tag?post=12195"}],"curies":[{"name":"wp","href":"https:\/\/api.w.org\/{rel}","templated":true}]}}