{"id":12229,"date":"2024-03-11T13:38:44","date_gmt":"2024-03-11T12:38:44","guid":{"rendered":"https:\/\/mestrashop.lleset.com\/producto\/nebulizador-electrico-para-desinfectante-5-l\/"},"modified":"2025-09-02T14:42:48","modified_gmt":"2025-09-02T12:42:48","slug":"nebulizador-electrico-para-desinfectante-5-l","status":"publish","type":"product","link":"https:\/\/mestrashop.lleset.com\/fr\/producto\/nebulizador-electrico-para-desinfectante-5-l\/","title":{"rendered":"NEBULISEUR ELECTRIQUE POUR DESINFECTANT &#8211; 5 L"},"content":{"rendered":"<p>Appareil pulv\u00e9risateur \/ n\u00e9buliseur \u00e0 haute efficacit\u00e9, capable d&rsquo;atomiser la solution d\u00e9sinfectante en cr\u00e9ant un brouillard extr\u00eamement fin qui p\u00e9n\u00e8tre dans tous les coins.<\/p>\n<ul>\n<li>La taille des gouttelettes peut \u00eatre ajust\u00e9e, ainsi que la distance de projection du jet<\/li>\n<li>En utilisant les produits appropri\u00e9s, il est possible de d\u00e9sinfecter efficacement de grandes surfaces en seulement quelques minutes (jusqu&rsquo;\u00e0 100 m<sup>2<\/sup> en seulement 10 minutes).<\/li>\n<li>Son r\u00e9servoir de 5 litres permet de pulv\u00e9riser de nombreux m\u00e8tres carr\u00e9s avec une seule charge.<\/li>\n<li>Le poids r\u00e9duit du n\u00e9buliseur &#8211; environ 3 kg &#8211; ainsi que la bandouli\u00e8re pratique incluse, permettent une utilisation confortable, efficace et s\u00fbre.<\/li>\n<li>Cet appareil devient indispensable pour d\u00e9sinfecter les surfaces de taille moyenne.<\/li>\n<li>La taille des gouttelettes est r\u00e9glable.<\/li>\n<\/ul>\n","protected":false},"excerpt":{"rendered":"<p>N\u00e9buliseur electrique pour desinfectant 5 Litres<\/p>\n","protected":false},"featured_media":9781,"comment_status":"closed","ping_status":"closed","template":"","meta":{"_acf_changed":false},"product_brand":[],"product_cat":[1973,1290],"product_tag":[],"class_list":{"0":"post-12229","1":"product","2":"type-product","3":"status-publish","4":"has-post-thumbnail","6":"product_cat-purificateurs-sterilisateurs-fr","7":"product_cat-purificateurs-sterilisateurs","9":"first","10":"instock","11":"product-type-simple"},"acf":[],"_links":{"self":[{"href":"https:\/\/mestrashop.lleset.com\/fr\/wp-json\/wp\/v2\/product\/12229","targetHints":{"allow":["GET"]}}],"collection":[{"href":"https:\/\/mestrashop.lleset.com\/fr\/wp-json\/wp\/v2\/product"}],"about":[{"href":"https:\/\/mestrashop.lleset.com\/fr\/wp-json\/wp\/v2\/types\/product"}],"replies":[{"embeddable":true,"href":"https:\/\/mestrashop.lleset.com\/fr\/wp-json\/wp\/v2\/comments?post=12229"}],"wp:featuredmedia":[{"embeddable":true,"href":"https:\/\/mestrashop.lleset.com\/fr\/wp-json\/wp\/v2\/media\/9781"}],"wp:attachment":[{"href":"https:\/\/mestrashop.lleset.com\/fr\/wp-json\/wp\/v2\/media?parent=12229"}],"wp:term":[{"taxonomy":"product_brand","embeddable":true,"href":"https:\/\/mestrashop.lleset.com\/fr\/wp-json\/wp\/v2\/product_brand?post=12229"},{"taxonomy":"product_cat","embeddable":true,"href":"https:\/\/mestrashop.lleset.com\/fr\/wp-json\/wp\/v2\/product_cat?post=12229"},{"taxonomy":"product_tag","embeddable":true,"href":"https:\/\/mestrashop.lleset.com\/fr\/wp-json\/wp\/v2\/product_tag?post=12229"}],"curies":[{"name":"wp","href":"https:\/\/api.w.org\/{rel}","templated":true}]}}