{"id":12231,"date":"2024-03-11T13:38:44","date_gmt":"2024-03-11T12:38:44","guid":{"rendered":"https:\/\/mestrashop.lleset.com\/producto\/purificador-de-aire-grande\/"},"modified":"2025-03-28T10:54:44","modified_gmt":"2025-03-28T09:54:44","slug":"purificador-de-aire-grande","status":"publish","type":"product","link":"https:\/\/mestrashop.lleset.com\/fr\/producto\/purificador-de-aire-grande\/","title":{"rendered":"PURIFICATEUR D&rsquo;AIR &#8211; GRAND MODELE"},"content":{"rendered":"<p>Purificateur d&rsquo;air grand modele sur l\u2019air vici\u00e9 dans n\u2019importe quelle pi\u00e8ce \u00e9liminant la poussi\u00e8re, la salet\u00e9 et les germes. Apr\u00e8s traitement, l\u2019air est beaucoup plus propre et plus respirable. Une mauvaise qualit\u00e9 de l\u2019air favorise l\u2019apparition de maladies, notamment respiratoires.<\/p>\n<p>Le processus de purification commence par une batterie de filtres de trois niveaux diff\u00e9rents: <a href=\"https:\/\/fr.wikipedia.org\/wiki\/Filtre_HEPA\">HEPA bact\u00e9rien<\/a>, <a href=\"https:\/\/fr.wikipedia.org\/wiki\/Charbon_actif\">charbon actif<\/a> et photocatalytique. Ensuite, une lampe UV haute performance poursuit le travail de nettoyage.<\/p>\n<p>*La purification est compl\u00e9t\u00e9e par l\u2019ionisation et la possibilit\u00e9 d\u2019activer un g\u00e9n\u00e9rateur d\u2019ozone. Apr\u00e8s le traitement, on peut parler d\u2019un air hautement purifi\u00e9 et de qualit\u00e9. Il existe trois tailles diff\u00e9rentes selon le volume de la pi\u00e8ce \u00e0 traiter.<\/p>\n","protected":false},"excerpt":{"rendered":"<p>Purificateur d&rsquo;air grand modele sur l\u2019air vici\u00e9 dans n\u2019importe quelle pi\u00e8ce \u00e9liminant la poussi\u00e8re, la salet\u00e9 et les germes.<\/p>\n","protected":false},"featured_media":9779,"comment_status":"closed","ping_status":"closed","template":"","meta":{"_acf_changed":false},"product_brand":[],"product_cat":[1973,1290],"product_tag":[],"class_list":{"0":"post-12231","1":"product","2":"type-product","3":"status-publish","4":"has-post-thumbnail","6":"product_cat-purificateurs-sterilisateurs-fr","7":"product_cat-purificateurs-sterilisateurs","9":"first","10":"instock","11":"product-type-simple"},"acf":[],"_links":{"self":[{"href":"https:\/\/mestrashop.lleset.com\/fr\/wp-json\/wp\/v2\/product\/12231","targetHints":{"allow":["GET"]}}],"collection":[{"href":"https:\/\/mestrashop.lleset.com\/fr\/wp-json\/wp\/v2\/product"}],"about":[{"href":"https:\/\/mestrashop.lleset.com\/fr\/wp-json\/wp\/v2\/types\/product"}],"replies":[{"embeddable":true,"href":"https:\/\/mestrashop.lleset.com\/fr\/wp-json\/wp\/v2\/comments?post=12231"}],"wp:featuredmedia":[{"embeddable":true,"href":"https:\/\/mestrashop.lleset.com\/fr\/wp-json\/wp\/v2\/media\/9779"}],"wp:attachment":[{"href":"https:\/\/mestrashop.lleset.com\/fr\/wp-json\/wp\/v2\/media?parent=12231"}],"wp:term":[{"taxonomy":"product_brand","embeddable":true,"href":"https:\/\/mestrashop.lleset.com\/fr\/wp-json\/wp\/v2\/product_brand?post=12231"},{"taxonomy":"product_cat","embeddable":true,"href":"https:\/\/mestrashop.lleset.com\/fr\/wp-json\/wp\/v2\/product_cat?post=12231"},{"taxonomy":"product_tag","embeddable":true,"href":"https:\/\/mestrashop.lleset.com\/fr\/wp-json\/wp\/v2\/product_tag?post=12231"}],"curies":[{"name":"wp","href":"https:\/\/api.w.org\/{rel}","templated":true}]}}