{"id":12257,"date":"2024-03-11T13:38:37","date_gmt":"2024-03-11T12:38:37","guid":{"rendered":"https:\/\/mestrashop.lleset.com\/producto\/agitador-para-liquidos-de-impresora-twist-3d\/"},"modified":"2025-03-27T11:29:26","modified_gmt":"2025-03-27T10:29:26","slug":"agitador-para-liquidos-de-impresora-twist-3d","status":"publish","type":"product","link":"https:\/\/mestrashop.lleset.com\/fr\/producto\/agitador-para-liquidos-de-impresora-twist-3d\/","title":{"rendered":"AGITATEUR DE LIQUIDE POUR IMPRIMANTE &#8211; TWIST 3D"},"content":{"rendered":"<p><strong>Dispositif pratique et \u00e9conomique pour l&rsquo;agitation des bouteilles de r\u00e9sine photopolym\u00e9risable, Twist 3D<\/strong><\/p>\n<ul>\n<li>Avoir une r\u00e9sine m\u00e9lang\u00e9e de mani\u00e8re homog\u00e8ne est essentiel pour r\u00e9aliser un excellent travail d&rsquo;impression.<\/li>\n<li>Le mouvement est \u00e0 double rotation, de sorte que l&rsquo;action de m\u00e9lange est fluide et tr\u00e8s efficace.<\/li>\n<li>Les caract\u00e9ristiques techniques de la r\u00e9sine ne sont pas alt\u00e9r\u00e9es par un mouvement trop vigoureux.<\/li>\n<li>La machine est tr\u00e8s silencieuse.<\/li>\n<li>Elle dispose de 6 rouleaux de 28 cm de long et permet de contr\u00f4ler la vitesse de rotation jusqu&rsquo;\u00e0 70 tr\/min et dispose d&rsquo;un r\u00e9gulateur de vitesse de rotation.<\/li>\n<\/ul>\n","protected":false},"excerpt":{"rendered":"<p>Dispositif pratique et \u00e9conomique pour secouer les bouteilles de r\u00e9sine.<\/p>\n","protected":false},"featured_media":9799,"comment_status":"closed","ping_status":"closed","template":"","meta":{"_acf_changed":false},"product_brand":[],"product_cat":[1285],"product_tag":[],"class_list":{"0":"post-12257","1":"product","2":"type-product","3":"status-publish","4":"has-post-thumbnail","6":"product_cat-machines-fr-2","8":"first","9":"instock","10":"product-type-simple"},"acf":[],"_links":{"self":[{"href":"https:\/\/mestrashop.lleset.com\/fr\/wp-json\/wp\/v2\/product\/12257","targetHints":{"allow":["GET"]}}],"collection":[{"href":"https:\/\/mestrashop.lleset.com\/fr\/wp-json\/wp\/v2\/product"}],"about":[{"href":"https:\/\/mestrashop.lleset.com\/fr\/wp-json\/wp\/v2\/types\/product"}],"replies":[{"embeddable":true,"href":"https:\/\/mestrashop.lleset.com\/fr\/wp-json\/wp\/v2\/comments?post=12257"}],"wp:featuredmedia":[{"embeddable":true,"href":"https:\/\/mestrashop.lleset.com\/fr\/wp-json\/wp\/v2\/media\/9799"}],"wp:attachment":[{"href":"https:\/\/mestrashop.lleset.com\/fr\/wp-json\/wp\/v2\/media?parent=12257"}],"wp:term":[{"taxonomy":"product_brand","embeddable":true,"href":"https:\/\/mestrashop.lleset.com\/fr\/wp-json\/wp\/v2\/product_brand?post=12257"},{"taxonomy":"product_cat","embeddable":true,"href":"https:\/\/mestrashop.lleset.com\/fr\/wp-json\/wp\/v2\/product_cat?post=12257"},{"taxonomy":"product_tag","embeddable":true,"href":"https:\/\/mestrashop.lleset.com\/fr\/wp-json\/wp\/v2\/product_tag?post=12257"}],"curies":[{"name":"wp","href":"https:\/\/api.w.org\/{rel}","templated":true}]}}