{"id":12259,"date":"2024-03-11T13:38:37","date_gmt":"2024-03-11T12:38:37","guid":{"rendered":"https:\/\/mestrashop.lleset.com\/producto\/lampara-polimerizadora-uv-sun-beam-3d\/"},"modified":"2025-03-27T11:16:33","modified_gmt":"2025-03-27T10:16:33","slug":"lampara-polimerizadora-uv-sun-beam-3d","status":"publish","type":"product","link":"https:\/\/mestrashop.lleset.com\/fr\/producto\/lampara-polimerizadora-uv-sun-beam-3d\/","title":{"rendered":"Lampe de photo polym\u00e9risation UV-SUN BEAM 3D+"},"content":{"rendered":"<h3><strong>Lampe de photo polym\u00e9risation UV, SUN BEAM 3D+<\/strong><\/h3>\n<p>Les laboratoires dentaires utilisent de plus en plus de r\u00e9sines photopolym\u00e9risables.<br \/>\nMESTRA pr\u00e9sente aujourd\u2019hui \u201cSUN BEAM 3D+\u201d, une station de photopolym\u00e9risation<br \/>\nefficace et polyvalente.<\/p>\n<p>La grande chambre de photopolym\u00e9risation UV est id\u00e9ale pour le traitement des impressions 3D. L\u2019appareil \u00e9met une lumi\u00e8re ultraviolette constante, concentr\u00e9e et uniforme pour traiter rapidement les impressions r\u00e9alis\u00e9es avec des r\u00e9sines photopolym\u00e8res. Le processus de post-durcissement augmente la duret\u00e9 et la r\u00e9sistance des produits imprim\u00e9s. SUN BEAM 3D+ est la station de photopolym\u00e9risation id\u00e9ale pour le laboratoire. Sa simplicit\u00e9 d\u2019utilisation, sa technologie avanc\u00e9e et son rapport qualit\u00e9-prix en feront une r\u00e9f\u00e9rence dans le laboratoire de proth\u00e8se dentaire d\u2019aujourd\u2019hui.<\/p>\n<h4><strong>Propri\u00e9t\u00e9s<\/strong><\/h4>\n<ul>\n<li>L\u2019\u00e9l\u00e9gance du design et ses dimensions \u00e9tudi\u00e9es en font un produit esth\u00e9tique qui peut trouver sa place n\u2019importe o\u00f9 dans la zone de production.<\/li>\n<li>La chambre de photopolym\u00e9risation a la capacit\u00e9 de contenir des pi\u00e8ces de grande taille et en quantit\u00e9: le plateau a un diam\u00e8tre de260 mm. La hauteur utile est de 140 mm. La rotation du plateau permet une r\u00e9gularit\u00e9 de la photopolym\u00e9risation.<\/li>\n<li>La technologie des lampes LED a \u00e9t\u00e9 choisie plut\u00f4t que les lampes traditionnelles plus \u00e9nergivores et plus polluantes. La dur\u00e9e de vie des LED est estim\u00e9e \u00e0 plus de 10 000 heures d\u2019utilisation.<\/li>\n<li>La large ouverture de la porte permet une facile mise en place des \u00e9l\u00e9ments sue le plateau tournant de la chambre.<\/li>\n<li>La longueur du spectre de 375-405 nm est id\u00e9ale pour les r\u00e9sines 3D<\/li>\n<li>Le contr\u00f4le \u00e9lectronique permet de s\u00e9lectionner le temps de 0 \u00e0 60 min.<\/li>\n<\/ul>\n<h4><strong>AVANTAGES<\/strong><\/h4>\n<p><span style=\"text-decoration: underline;\"><strong><img decoding=\"async\" src=\"https:\/\/mestrashop.lleset.com\/wp-content\/uploads\/2025\/03\/150121_9.jpg\" \/><\/strong><\/span><\/p>\n<p><span style=\"text-decoration: underline;\"><strong>GRANDE CAPACIT\u00c9<br \/>\n<\/strong><\/span>Un grand volume de travail de \u00d8260 x 140 mm permet de polym\u00e9riser les mod\u00e8les par lots plus rapidement, ce qui en fait un excellent choix pour une utilisation dans des process d\u2019impression professionnels. Le volume est doubl\u00e9 compar\u00e9 au mod\u00e8le ant\u00e9rieur: R\u00e9f. 150120.<\/p>\n<p><span style=\"text-decoration: underline;\"><strong><img decoding=\"async\" src=\"https:\/\/mestrashop.lleset.com\/wp-content\/uploads\/2025\/03\/150121_7.jpg\" \/><\/strong><\/span><\/p>\n<p><span style=\"text-decoration: underline;\"><strong>FEN\u00caTRE TRANSPARENTE<br \/>\n<\/strong><\/span>Le filtre de la fen\u00eatre bloque jusqu\u2019\u00e0 99% des U.V.<\/p>\n<p><img decoding=\"async\" src=\"https:\/\/mestrashop.lleset.com\/wp-content\/uploads\/2025\/03\/150121_10.jpg\" \/><\/p>\n<p><strong><span style=\"text-decoration: underline;\">COUVERCLE RABATTABLE<\/span><br \/>\n<\/strong>Un couvercle \u00e0 charni\u00e8re \u00e0 90\u00b0 offre un acc\u00e8s complet \u00e0 l\u2019espace de travail.<\/p>\n<p><span style=\"text-decoration: underline;\"><strong><img decoding=\"async\" src=\"https:\/\/mestrashop.lleset.com\/wp-content\/uploads\/2025\/03\/150121_8.jpg\" \/><\/strong><\/span><\/p>\n<p><span style=\"text-decoration: underline;\"><strong>AUCUN ANGLE MORT<br \/>\n<\/strong><\/span>Un plateau amovible rotatif \u00e0 360\u00b0 et 16 lumi\u00e8res LED UV r\u00e9parties sur 4 positions assurent une polym\u00e9risation homog\u00e8ne de la r\u00e9sine et une plus grande durabilit\u00e9 de la surface, m\u00eame sur la face inf\u00e9rieure. Emp\u00eache les d\u00e9fauts de sur- et sous-cuisson.<\/p>\n","protected":false},"excerpt":{"rendered":"<p>Une station de photopolym\u00e9risation efficace et polyvalente. La chambre de s\u00e9chage UV est un composant des solutions d&rsquo;impression 3D.<\/p>\n","protected":false},"featured_media":10297,"comment_status":"closed","ping_status":"closed","template":"","meta":{"_acf_changed":false},"product_brand":[],"product_cat":[1285],"product_tag":[],"class_list":{"0":"post-12259","1":"product","2":"type-product","3":"status-publish","4":"has-post-thumbnail","6":"product_cat-machines-fr-2","8":"first","9":"instock","10":"product-type-simple"},"acf":[],"_links":{"self":[{"href":"https:\/\/mestrashop.lleset.com\/fr\/wp-json\/wp\/v2\/product\/12259","targetHints":{"allow":["GET"]}}],"collection":[{"href":"https:\/\/mestrashop.lleset.com\/fr\/wp-json\/wp\/v2\/product"}],"about":[{"href":"https:\/\/mestrashop.lleset.com\/fr\/wp-json\/wp\/v2\/types\/product"}],"replies":[{"embeddable":true,"href":"https:\/\/mestrashop.lleset.com\/fr\/wp-json\/wp\/v2\/comments?post=12259"}],"wp:featuredmedia":[{"embeddable":true,"href":"https:\/\/mestrashop.lleset.com\/fr\/wp-json\/wp\/v2\/media\/10297"}],"wp:attachment":[{"href":"https:\/\/mestrashop.lleset.com\/fr\/wp-json\/wp\/v2\/media?parent=12259"}],"wp:term":[{"taxonomy":"product_brand","embeddable":true,"href":"https:\/\/mestrashop.lleset.com\/fr\/wp-json\/wp\/v2\/product_brand?post=12259"},{"taxonomy":"product_cat","embeddable":true,"href":"https:\/\/mestrashop.lleset.com\/fr\/wp-json\/wp\/v2\/product_cat?post=12259"},{"taxonomy":"product_tag","embeddable":true,"href":"https:\/\/mestrashop.lleset.com\/fr\/wp-json\/wp\/v2\/product_tag?post=12259"}],"curies":[{"name":"wp","href":"https:\/\/api.w.org\/{rel}","templated":true}]}}