{"id":12261,"date":"2024-03-11T13:38:36","date_gmt":"2024-03-11T12:38:36","guid":{"rendered":"https:\/\/mestrashop.lleset.com\/producto\/escaner-de-laboratorio\/"},"modified":"2025-03-27T15:45:30","modified_gmt":"2025-03-27T14:45:30","slug":"escaner-de-laboratorio","status":"publish","type":"product","link":"https:\/\/mestrashop.lleset.com\/fr\/producto\/escaner-de-laboratorio\/","title":{"rendered":"SCANNER POUR LABORATOIRE MAGIC EYE"},"content":{"rendered":"<h3><strong>Pourquoi choisir le scanner MESTRA, l\u2019un des scanners les plus rapides du march\u00e9?\u00a0<\/strong><\/h3>\n<p>Son logiciel puissant et intuitif int\u00e8gre un ensemble de commandes moderne et \u00e9tendu, tout en \u00e9tant enti\u00e8rement compatible et int\u00e9grable avec les applications de conception dentaire CAD-CAM, ce qui lui conf\u00e8re une grande polyvalence.<\/p>\n<ul>\n<li><span style=\"text-decoration: underline;\"><strong>Cam\u00e9ras de derni\u00e8re g\u00e9n\u00e9ration.<\/strong><\/span><br \/>\nAvec une r\u00e9solution de 1.3 Mpixels, qui en se combinant donnent une parfaite r\u00e9solution en 3D avoisinant les 2,6 Mpixels. De plus la vitesse, est de 60 Fps.<br \/>\nSa technologie est du type Global Shutter, la plus rapide connue \u00e0 ce jour.<\/li>\n<li><span style=\"text-decoration: underline;\"><strong>Projecteur \u00e0 lumi\u00e8re bleue avec la technologie DLP<\/strong><\/span><strong>\u00ae<\/strong><br \/>\n\u00c9quip\u00e9 d\u2019une matrice aux minuscules r\u00e9flecteurs mesurant environ 5,4 \u03bcm pouvant \u00eatre orient\u00e9s individuellement. Probablement une des technologies le plus en pointe aujourd\u2019hui.<\/li>\n<li><span style=\"text-decoration: underline;\"><strong>Structure tr\u00e8s solide qui \u00e9vite les vibrations.<\/strong><\/span><br \/>\nLe mouvement des moteurs parfaitement synchronis\u00e9 est pr\u00e9cis et souple. Il en r\u00e9sulte une vitesse et une grande pr\u00e9cision de scannage.<\/li>\n<li><strong><span style=\"text-decoration: underline;\">Algorythmes de derni\u00e8re g\u00e9n\u00e9ration qui emploient des fonctions intelligentes.<\/span><\/strong><br \/>\nCes fonctions ajoutent au scannage encore plus de pr\u00e9cision. Le proth\u00e9siste s\u2019en apercevra en positionnant ses proth\u00e8ses sur le mod\u00e8le.<\/li>\n<\/ul>\n","protected":false},"excerpt":{"rendered":"<p><strong>MagicEye<\/strong> est un scanner sp\u00e9cialement con\u00e7u pour le domaine dentaire. Sp\u00e9cialement con\u00e7u pour le secteur dentaire, c&rsquo;est l&rsquo;un des scanners les plus rapides du march\u00e9.<\/p>\n","protected":false},"featured_media":9859,"comment_status":"closed","ping_status":"closed","template":"","meta":{"_acf_changed":false},"product_brand":[],"product_cat":[1285],"product_tag":[],"class_list":{"0":"post-12261","1":"product","2":"type-product","3":"status-publish","4":"has-post-thumbnail","6":"product_cat-machines-fr-2","8":"first","9":"instock","10":"product-type-simple"},"acf":[],"_links":{"self":[{"href":"https:\/\/mestrashop.lleset.com\/fr\/wp-json\/wp\/v2\/product\/12261","targetHints":{"allow":["GET"]}}],"collection":[{"href":"https:\/\/mestrashop.lleset.com\/fr\/wp-json\/wp\/v2\/product"}],"about":[{"href":"https:\/\/mestrashop.lleset.com\/fr\/wp-json\/wp\/v2\/types\/product"}],"replies":[{"embeddable":true,"href":"https:\/\/mestrashop.lleset.com\/fr\/wp-json\/wp\/v2\/comments?post=12261"}],"wp:featuredmedia":[{"embeddable":true,"href":"https:\/\/mestrashop.lleset.com\/fr\/wp-json\/wp\/v2\/media\/9859"}],"wp:attachment":[{"href":"https:\/\/mestrashop.lleset.com\/fr\/wp-json\/wp\/v2\/media?parent=12261"}],"wp:term":[{"taxonomy":"product_brand","embeddable":true,"href":"https:\/\/mestrashop.lleset.com\/fr\/wp-json\/wp\/v2\/product_brand?post=12261"},{"taxonomy":"product_cat","embeddable":true,"href":"https:\/\/mestrashop.lleset.com\/fr\/wp-json\/wp\/v2\/product_cat?post=12261"},{"taxonomy":"product_tag","embeddable":true,"href":"https:\/\/mestrashop.lleset.com\/fr\/wp-json\/wp\/v2\/product_tag?post=12261"}],"curies":[{"name":"wp","href":"https:\/\/api.w.org\/{rel}","templated":true}]}}