{"id":12397,"date":"2024-03-11T13:38:02","date_gmt":"2024-03-11T12:38:02","guid":{"rendered":"https:\/\/mestrashop.lleset.com\/producto\/gelatinadora-gel-bat-6-l\/"},"modified":"2025-03-20T15:48:00","modified_gmt":"2025-03-20T14:48:00","slug":"gelatinadora-gel-bat-6-l","status":"publish","type":"product","link":"https:\/\/mestrashop.lleset.com\/fr\/producto\/gelatinadora-gel-bat-6-l\/","title":{"rendered":"MALAXEUR DE GEL &#8211; GEL BAT 6 L"},"content":{"rendered":"<p>MESTRA malaxeur de gel, construit en acier inoxydable.<\/p>\n<p>Son microprocesseur de contr\u00f4le permet \u00e0 l&rsquo;utilisateur un large \u00e9ventail de possibilit\u00e9s, telles que l&rsquo;\u00e9tablissement d&rsquo;un horaire pr\u00e9programm\u00e9 dans le temps, afin que la g\u00e9latine soit \u00e0 la temp\u00e9rature id\u00e9ale pour \u00eatre Voir produits\u00e9e. Par exemple, si nous sommes \u00e0 19 heures et que nous voulons que la g\u00e9latine soit pr\u00eate \u00e0 \u00eatre Voir produits\u00e9e \u00e0 8 heures, il suffit de programmer le contr\u00f4le \u00e0 8 heures pour que la g\u00e9latine soit pr\u00eate.<\/p>\n<p>Tout en appuyant sur un bouton, il est \u00e9galement possible de passer de la temp\u00e9rature de coul\u00e9e C-1 (95\u00b0C &#8211; 75\u00b0C) \u00e0 la temp\u00e9rature de maintien C-2 (65\u00b0C &#8211; 35\u00b0C), ou vice Voir produitsa.<\/p>\n<p>Son moteurs r\u00e9ducteurs disposent d&rsquo;un couple \u00e9lev\u00e9, ce qui permet de d\u00e9marrer facilement m\u00eame avec le r\u00e9servoir rempli (gel\u00e9e coup\u00e9e). Ils int\u00e8grent tous les \u00e9l\u00e9ments de s\u00e9curit\u00e9 requis par le march\u00e9 CE, tels que :<\/p>\n<ul>\n<li>Relais thermique de moteur.<\/li>\n<li>Sonde de surchauffe.<\/li>\n<li>Micro de puerta.<\/li>\n<li>\u00ab\u00a0Fusible g\u00e9n\u00e9ral de l&rsquo;\u00e9quipement.<\/li>\n<\/ul>\n","protected":false},"excerpt":{"rendered":"<p>MESTRA malaxeur de gel, construit en acier inoxydable. Son microprocesseur de contr\u00f4le permet \u00e0 l&rsquo;utilisateur un large \u00e9ventail de possibilit\u00e9s, telles que l&rsquo;\u00e9tablissement d&rsquo;un horaire pr\u00e9programm\u00e9 dans le temps, afin que la g\u00e9latine soit \u00e0 la temp\u00e9rature id\u00e9ale pour \u00eatre Voir produits\u00e9e. Par exemple, si nous sommes \u00e0 19 heures et que nous voulons que [&hellip;]<\/p>\n","protected":false},"featured_media":9627,"comment_status":"closed","ping_status":"closed","template":"","meta":{"_acf_changed":false},"product_brand":[],"product_cat":[1343],"product_tag":[],"class_list":{"0":"post-12397","1":"product","2":"type-product","3":"status-publish","4":"has-post-thumbnail","6":"product_cat-machine-a-gel","8":"first","9":"instock","10":"product-type-simple"},"acf":[],"_links":{"self":[{"href":"https:\/\/mestrashop.lleset.com\/fr\/wp-json\/wp\/v2\/product\/12397","targetHints":{"allow":["GET"]}}],"collection":[{"href":"https:\/\/mestrashop.lleset.com\/fr\/wp-json\/wp\/v2\/product"}],"about":[{"href":"https:\/\/mestrashop.lleset.com\/fr\/wp-json\/wp\/v2\/types\/product"}],"replies":[{"embeddable":true,"href":"https:\/\/mestrashop.lleset.com\/fr\/wp-json\/wp\/v2\/comments?post=12397"}],"wp:featuredmedia":[{"embeddable":true,"href":"https:\/\/mestrashop.lleset.com\/fr\/wp-json\/wp\/v2\/media\/9627"}],"wp:attachment":[{"href":"https:\/\/mestrashop.lleset.com\/fr\/wp-json\/wp\/v2\/media?parent=12397"}],"wp:term":[{"taxonomy":"product_brand","embeddable":true,"href":"https:\/\/mestrashop.lleset.com\/fr\/wp-json\/wp\/v2\/product_brand?post=12397"},{"taxonomy":"product_cat","embeddable":true,"href":"https:\/\/mestrashop.lleset.com\/fr\/wp-json\/wp\/v2\/product_cat?post=12397"},{"taxonomy":"product_tag","embeddable":true,"href":"https:\/\/mestrashop.lleset.com\/fr\/wp-json\/wp\/v2\/product_tag?post=12397"}],"curies":[{"name":"wp","href":"https:\/\/api.w.org\/{rel}","templated":true}]}}