{"id":12463,"date":"2024-03-11T13:37:45","date_gmt":"2024-03-11T12:37:45","guid":{"rendered":"https:\/\/mestrashop.lleset.com\/producto\/calentador-de-cera-para-inmersion-digital-3-recipientes\/"},"modified":"2025-03-20T08:36:37","modified_gmt":"2025-03-20T07:36:37","slug":"calentador-de-cera-para-inmersion-digital-3-recipientes","status":"publish","type":"product","link":"https:\/\/mestrashop.lleset.com\/fr\/producto\/calentador-de-cera-para-inmersion-digital-3-recipientes\/","title":{"rendered":"RECHAUFFEUR DE CIRE PAR IMMERSION &#8211; NUMERIQUE (3 RECIPIENTS)"},"content":{"rendered":"<p>Il est simiaire au r\u00e9chauffeur \u00e0 immersion R-100125, mais il est dot\u00e9 de trois r\u00e9cipients pour pouvoir r\u00e9chauffer trois types de cire; r\u00e9plage ind\u00e9pendant dela temp\u00e9rature dans chaque bac.<\/p>\n<p>Le display affiche \u00e0 tout moment la temp\u00e9rature r\u00e9elle et la temp\u00e9rature de consigne de chanque bac.<\/p>\n","protected":false},"excerpt":{"rendered":"<p>Il est simiaire au r\u00e9chauffeur \u00e0 immersion R-100125, mais il est dot\u00e9 de trois r\u00e9cipients pour pouvoir r\u00e9chauffer trois types de cire; r\u00e9plage ind\u00e9pendant dela temp\u00e9rature dans chaque bac. Le display affiche \u00e0 tout moment la temp\u00e9rature r\u00e9elle et la temp\u00e9rature de consigne de chanque bac.<\/p>\n","protected":false},"featured_media":15967,"comment_status":"closed","ping_status":"closed","template":"","meta":{"_acf_changed":false},"product_brand":[],"product_cat":[1363],"product_tag":[],"class_list":{"0":"post-12463","1":"product","2":"type-product","3":"status-publish","4":"has-post-thumbnail","6":"product_cat-rechauffeurs-de-cires","8":"first","9":"instock","10":"product-type-simple"},"acf":[],"_links":{"self":[{"href":"https:\/\/mestrashop.lleset.com\/fr\/wp-json\/wp\/v2\/product\/12463","targetHints":{"allow":["GET"]}}],"collection":[{"href":"https:\/\/mestrashop.lleset.com\/fr\/wp-json\/wp\/v2\/product"}],"about":[{"href":"https:\/\/mestrashop.lleset.com\/fr\/wp-json\/wp\/v2\/types\/product"}],"replies":[{"embeddable":true,"href":"https:\/\/mestrashop.lleset.com\/fr\/wp-json\/wp\/v2\/comments?post=12463"}],"wp:featuredmedia":[{"embeddable":true,"href":"https:\/\/mestrashop.lleset.com\/fr\/wp-json\/wp\/v2\/media\/15967"}],"wp:attachment":[{"href":"https:\/\/mestrashop.lleset.com\/fr\/wp-json\/wp\/v2\/media?parent=12463"}],"wp:term":[{"taxonomy":"product_brand","embeddable":true,"href":"https:\/\/mestrashop.lleset.com\/fr\/wp-json\/wp\/v2\/product_brand?post=12463"},{"taxonomy":"product_cat","embeddable":true,"href":"https:\/\/mestrashop.lleset.com\/fr\/wp-json\/wp\/v2\/product_cat?post=12463"},{"taxonomy":"product_tag","embeddable":true,"href":"https:\/\/mestrashop.lleset.com\/fr\/wp-json\/wp\/v2\/product_tag?post=12463"}],"curies":[{"name":"wp","href":"https:\/\/api.w.org\/{rel}","templated":true}]}}