{"id":12465,"date":"2024-03-11T13:37:44","date_gmt":"2024-03-11T12:37:44","guid":{"rendered":"https:\/\/mestrashop.lleset.com\/producto\/calentador-cera-gran-capacidad-1-l\/"},"modified":"2024-09-25T08:57:51","modified_gmt":"2024-09-25T06:57:51","slug":"calentador-cera-gran-capacidad-1-l","status":"publish","type":"product","link":"https:\/\/mestrashop.lleset.com\/fr\/producto\/calentador-cera-gran-capacidad-1-l\/","title":{"rendered":"RECHAUFFEUR DE CIRE GRANDE CAPACITE (1 L)"},"content":{"rendered":"<p>Similaire au r\u00e9chauffeur de cires dures R-080078, mais la commande permet de r\u00e9gler une gamme de temp\u00e9ratures plus large et le bac est en teflon.<\/p>\n<p>Avec ces deux modifications on peut maintenir une consid\u00e9rable quantit\u00e9 de cire fondue dans le bac, qui pourra \u00eatre utilis\u00e9e pour les diverses techniques du laboratoire.<\/p>\n","protected":false},"excerpt":{"rendered":"<p>Similaire au r\u00e9chauffeur de cires dures R-080078, mais la commande permet de r\u00e9gler une gamme de temp\u00e9ratures plus large et le bac est en teflon. Avec ces deux modifications on peut maintenir une consid\u00e9rable quantit\u00e9 de cire fondue dans le bac, qui pourra \u00eatre utilis\u00e9e pour les diverses techniques du laboratoire.<\/p>\n","protected":false},"featured_media":15756,"comment_status":"closed","ping_status":"closed","template":"","meta":{"_acf_changed":false},"product_brand":[],"product_cat":[1363],"product_tag":[],"class_list":{"0":"post-12465","1":"product","2":"type-product","3":"status-publish","4":"has-post-thumbnail","6":"product_cat-rechauffeurs-de-cires","8":"first","9":"instock","10":"product-type-simple"},"acf":[],"_links":{"self":[{"href":"https:\/\/mestrashop.lleset.com\/fr\/wp-json\/wp\/v2\/product\/12465","targetHints":{"allow":["GET"]}}],"collection":[{"href":"https:\/\/mestrashop.lleset.com\/fr\/wp-json\/wp\/v2\/product"}],"about":[{"href":"https:\/\/mestrashop.lleset.com\/fr\/wp-json\/wp\/v2\/types\/product"}],"replies":[{"embeddable":true,"href":"https:\/\/mestrashop.lleset.com\/fr\/wp-json\/wp\/v2\/comments?post=12465"}],"wp:featuredmedia":[{"embeddable":true,"href":"https:\/\/mestrashop.lleset.com\/fr\/wp-json\/wp\/v2\/media\/15756"}],"wp:attachment":[{"href":"https:\/\/mestrashop.lleset.com\/fr\/wp-json\/wp\/v2\/media?parent=12465"}],"wp:term":[{"taxonomy":"product_brand","embeddable":true,"href":"https:\/\/mestrashop.lleset.com\/fr\/wp-json\/wp\/v2\/product_brand?post=12465"},{"taxonomy":"product_cat","embeddable":true,"href":"https:\/\/mestrashop.lleset.com\/fr\/wp-json\/wp\/v2\/product_cat?post=12465"},{"taxonomy":"product_tag","embeddable":true,"href":"https:\/\/mestrashop.lleset.com\/fr\/wp-json\/wp\/v2\/product_tag?post=12465"}],"curies":[{"name":"wp","href":"https:\/\/api.w.org\/{rel}","templated":true}]}}