{"id":12467,"date":"2024-03-11T13:37:44","date_gmt":"2024-03-11T12:37:44","guid":{"rendered":"https:\/\/mestrashop.lleset.com\/producto\/calentador-de-cera-para-inmersion\/"},"modified":"2024-09-25T08:51:14","modified_gmt":"2024-09-25T06:51:14","slug":"calentador-de-cera-para-inmersion","status":"publish","type":"product","link":"https:\/\/mestrashop.lleset.com\/fr\/producto\/calentador-de-cera-para-inmersion\/","title":{"rendered":"RECHAUFFEUR DE CIRE PAR IMMERSION"},"content":{"rendered":"<p>D\u0092un design agr\u00e9able, le r\u00e9chauffeur de cire \u00e0 immersion est aujourd\u0092hui un \u00e9l\u00e9ment indispensable au laboratoire de proth\u00e8se dentaire. <\/p>\n<p>Le contr\u00f4le \u00e9lectronique r\u00e9gi par un microprocesseur maintien de mani\u00e8re tr\u00e8s pr\u00e9cise la temp\u00e9rature fix\u00e9e par le technicien. L\u0092\u00e9ventail d\u0092utilisation va de 50\u00b0C \u00e0 97\u00b0C. Il est possible visualiser en temps r\u00e9el la temp\u00e9rature de la cuve gr\u00e2ce \u00e0 un display \u00e9lectronique. La temp\u00e9rature peut \u00eatre fix\u00e9e ou consult\u00e9e par une simple manipulation. Au moment du d\u00e9marrage le contr\u00f4le programme une mont\u00e9e \u00e0 80\u00b0C et un maintien du palier pendant 10 mn afin que la cire soit parfaitement fondue et que la texture du liquide soit homog\u00e8ne. <\/p>\n<p>Apr\u00e8s cette phase initiale, le r\u00e9chauffeur de cire revient \u00e0 la temp\u00e9rature programm\u00e9e et la maintient jusqu\u0092\u00e0 ce que le proth\u00e9siste ne la modifie. <\/p>\n<p>Le format du r\u00e9chauffeur ainsi que son assise ont \u00e9t\u00e9 optimis\u00e9s afin de pourvoir \u00e0 d\u0092\u00e9ventuels accidents par renversement. <\/p>\n<p>La partie proche de la cuve est lisse pour faciliter le nettoyage des coul\u00e9es de cire qui se produisent lors de son utilisation.<\/p>\n","protected":false},"excerpt":{"rendered":"<p>D\u0092un design agr\u00e9able, le r\u00e9chauffeur de cire \u00e0 immersion est aujourd\u0092hui un \u00e9l\u00e9ment indispensable au laboratoire de proth\u00e8se dentaire. Le contr\u00f4le \u00e9lectronique r\u00e9gi par un microprocesseur maintien de mani\u00e8re tr\u00e8s pr\u00e9cise la temp\u00e9rature fix\u00e9e par le technicien. L\u0092\u00e9ventail d\u0092utilisation va de 50\u00b0C \u00e0 97\u00b0C. Il est possible visualiser en temps r\u00e9el la temp\u00e9rature de la [&hellip;]<\/p>\n","protected":false},"featured_media":15753,"comment_status":"closed","ping_status":"closed","template":"","meta":{"_acf_changed":false},"product_brand":[],"product_cat":[1363],"product_tag":[],"class_list":{"0":"post-12467","1":"product","2":"type-product","3":"status-publish","4":"has-post-thumbnail","6":"product_cat-rechauffeurs-de-cires","8":"first","9":"instock","10":"product-type-simple"},"acf":[],"_links":{"self":[{"href":"https:\/\/mestrashop.lleset.com\/fr\/wp-json\/wp\/v2\/product\/12467","targetHints":{"allow":["GET"]}}],"collection":[{"href":"https:\/\/mestrashop.lleset.com\/fr\/wp-json\/wp\/v2\/product"}],"about":[{"href":"https:\/\/mestrashop.lleset.com\/fr\/wp-json\/wp\/v2\/types\/product"}],"replies":[{"embeddable":true,"href":"https:\/\/mestrashop.lleset.com\/fr\/wp-json\/wp\/v2\/comments?post=12467"}],"wp:featuredmedia":[{"embeddable":true,"href":"https:\/\/mestrashop.lleset.com\/fr\/wp-json\/wp\/v2\/media\/15753"}],"wp:attachment":[{"href":"https:\/\/mestrashop.lleset.com\/fr\/wp-json\/wp\/v2\/media?parent=12467"}],"wp:term":[{"taxonomy":"product_brand","embeddable":true,"href":"https:\/\/mestrashop.lleset.com\/fr\/wp-json\/wp\/v2\/product_brand?post=12467"},{"taxonomy":"product_cat","embeddable":true,"href":"https:\/\/mestrashop.lleset.com\/fr\/wp-json\/wp\/v2\/product_cat?post=12467"},{"taxonomy":"product_tag","embeddable":true,"href":"https:\/\/mestrashop.lleset.com\/fr\/wp-json\/wp\/v2\/product_tag?post=12467"}],"curies":[{"name":"wp","href":"https:\/\/api.w.org\/{rel}","templated":true}]}}