{"id":12517,"date":"2024-03-11T13:37:30","date_gmt":"2024-03-11T12:37:30","guid":{"rendered":"https:\/\/mestrashop.lleset.com\/producto\/silla-para-puesto-de-trabajo-con-ruedas-negra\/"},"modified":"2025-09-19T13:06:29","modified_gmt":"2025-09-19T11:06:29","slug":"silla-para-puesto-de-trabajo-con-ruedas-negra","status":"publish","type":"product","link":"https:\/\/mestrashop.lleset.com\/fr\/producto\/silla-para-puesto-de-trabajo-con-ruedas-negra\/","title":{"rendered":"SIEGE ERGONOMIQUE &#8211; AVEC ROUES &#8211; NOIR &#8211; 1 REGLEMENT"},"content":{"rendered":"<p>Sp\u00e9cialement con\u00e7us pour le laboratoire. Confortables, ergonomiques et d&rsquo;entretien ais\u00e9. Permet un r\u00e9glageen hauteur de l&rsquo;assise.<br \/>\nCe r\u00e9glage permet de trouver facilement la position de travail id\u00e9ale quelle que soit la taille et la constitution physique du proth\u00e9siste.<\/p>\n<p>Le si\u00e8ge est fabriqu\u00e9 en mousse de polyur\u00e9thane noir .Ce mat\u00e9riau permet de concilier le confort et la position de travail id\u00e9ale. Lavable et tr\u00e8s r\u00e9sistant \u00e0 l&rsquo;usure.<\/p>\n<p>Roues avec frein de s\u00e9curit\u00e9 (EN 1335)<\/p>\n","protected":false},"excerpt":{"rendered":"<p>Sp\u00e9cialement con\u00e7us pour le laboratoire. Confortables, ergonomiques et d&rsquo;entretien ais\u00e9. Permet un r\u00e9glageen hauteur de l&rsquo;assise. Ce r\u00e9glage permet de trouver facilement la position de travail id\u00e9ale quelle que soit la taille et la constitution physique du proth\u00e9siste. Le si\u00e8ge est fabriqu\u00e9 en mousse de polyur\u00e9thane noir .Ce mat\u00e9riau permet de concilier le confort et [&hellip;]<\/p>\n","protected":false},"featured_media":8321,"comment_status":"closed","ping_status":"closed","template":"","meta":{"_acf_changed":false},"product_brand":[],"product_cat":[1318],"product_tag":[],"class_list":{"0":"post-12517","1":"product","2":"type-product","3":"status-publish","4":"has-post-thumbnail","6":"product_cat-chaises","8":"first","9":"instock","10":"product-type-simple"},"acf":[],"_links":{"self":[{"href":"https:\/\/mestrashop.lleset.com\/fr\/wp-json\/wp\/v2\/product\/12517","targetHints":{"allow":["GET"]}}],"collection":[{"href":"https:\/\/mestrashop.lleset.com\/fr\/wp-json\/wp\/v2\/product"}],"about":[{"href":"https:\/\/mestrashop.lleset.com\/fr\/wp-json\/wp\/v2\/types\/product"}],"replies":[{"embeddable":true,"href":"https:\/\/mestrashop.lleset.com\/fr\/wp-json\/wp\/v2\/comments?post=12517"}],"wp:featuredmedia":[{"embeddable":true,"href":"https:\/\/mestrashop.lleset.com\/fr\/wp-json\/wp\/v2\/media\/8321"}],"wp:attachment":[{"href":"https:\/\/mestrashop.lleset.com\/fr\/wp-json\/wp\/v2\/media?parent=12517"}],"wp:term":[{"taxonomy":"product_brand","embeddable":true,"href":"https:\/\/mestrashop.lleset.com\/fr\/wp-json\/wp\/v2\/product_brand?post=12517"},{"taxonomy":"product_cat","embeddable":true,"href":"https:\/\/mestrashop.lleset.com\/fr\/wp-json\/wp\/v2\/product_cat?post=12517"},{"taxonomy":"product_tag","embeddable":true,"href":"https:\/\/mestrashop.lleset.com\/fr\/wp-json\/wp\/v2\/product_tag?post=12517"}],"curies":[{"name":"wp","href":"https:\/\/api.w.org\/{rel}","templated":true}]}}