{"id":12521,"date":"2024-03-11T13:37:29","date_gmt":"2024-03-11T12:37:29","guid":{"rendered":"https:\/\/mestrashop.lleset.com\/producto\/caja-repaso-laboratorio\/"},"modified":"2025-09-26T11:37:48","modified_gmt":"2025-09-26T09:37:48","slug":"caja-repaso-laboratorio","status":"publish","type":"product","link":"https:\/\/mestrashop.lleset.com\/fr\/producto\/caja-repaso-laboratorio\/","title":{"rendered":"BOX DE FINITION LABORATOIRE"},"content":{"rendered":"<p>L&rsquo;unit\u00e9 d&rsquo;aspiration Sirocco S et une bo\u00eete de finition de laboratoire dentaire enti\u00e8rement compatible avec l&rsquo;unit\u00e9 de table, formant une unit\u00e9 tr\u00e8s compacte et \u00e9quilibr\u00e9e.<\/p>\n<ul>\n<li>Puissant moteur \u00e0 induction.<\/li>\n<li>Clavier intuitif de type \u201ctactile\u201d.<\/li>\n<li>Facilit\u00e9 d\u2019utilisation et de changement de filtre.<\/li>\n<li>Tr\u00e8s silencieux.<\/li>\n<\/ul>\n","protected":false},"excerpt":{"rendered":"<p>L&rsquo;unit\u00e9 d&rsquo;aspiration Sirocco S et une bo\u00eete de finition de laboratoire dentaire enti\u00e8rement compatible avec l&rsquo;unit\u00e9 de table, formant une unit\u00e9 tr\u00e8s compacte et \u00e9quilibr\u00e9e.<\/p>\n","protected":false},"featured_media":9633,"comment_status":"closed","ping_status":"closed","template":"","meta":{"_acf_changed":false},"product_brand":[],"product_cat":[1324],"product_tag":[],"class_list":{"0":"post-12521","1":"product","2":"type-product","3":"status-publish","4":"has-post-thumbnail","6":"product_cat-cabines-de-travail","8":"first","9":"instock","10":"product-type-simple"},"acf":[],"_links":{"self":[{"href":"https:\/\/mestrashop.lleset.com\/fr\/wp-json\/wp\/v2\/product\/12521","targetHints":{"allow":["GET"]}}],"collection":[{"href":"https:\/\/mestrashop.lleset.com\/fr\/wp-json\/wp\/v2\/product"}],"about":[{"href":"https:\/\/mestrashop.lleset.com\/fr\/wp-json\/wp\/v2\/types\/product"}],"replies":[{"embeddable":true,"href":"https:\/\/mestrashop.lleset.com\/fr\/wp-json\/wp\/v2\/comments?post=12521"}],"wp:featuredmedia":[{"embeddable":true,"href":"https:\/\/mestrashop.lleset.com\/fr\/wp-json\/wp\/v2\/media\/9633"}],"wp:attachment":[{"href":"https:\/\/mestrashop.lleset.com\/fr\/wp-json\/wp\/v2\/media?parent=12521"}],"wp:term":[{"taxonomy":"product_brand","embeddable":true,"href":"https:\/\/mestrashop.lleset.com\/fr\/wp-json\/wp\/v2\/product_brand?post=12521"},{"taxonomy":"product_cat","embeddable":true,"href":"https:\/\/mestrashop.lleset.com\/fr\/wp-json\/wp\/v2\/product_cat?post=12521"},{"taxonomy":"product_tag","embeddable":true,"href":"https:\/\/mestrashop.lleset.com\/fr\/wp-json\/wp\/v2\/product_tag?post=12521"}],"curies":[{"name":"wp","href":"https:\/\/api.w.org\/{rel}","templated":true}]}}