{"id":12533,"date":"2024-03-11T13:37:26","date_gmt":"2024-03-11T12:37:26","guid":{"rendered":"https:\/\/mestrashop.lleset.com\/producto\/mesa-de-repaso-2-puestos\/"},"modified":"2025-03-24T11:51:17","modified_gmt":"2025-03-24T10:51:17","slug":"mesa-de-repaso-2-puestos","status":"publish","type":"product","link":"https:\/\/mestrashop.lleset.com\/fr\/producto\/mesa-de-repaso-2-puestos\/","title":{"rendered":"TABLE DE FINITION &#8211; 2 SI\u00c8GES"},"content":{"rendered":"<p>Etablis professionnels de qualit\u00e9. Le montage est ais\u00e9.<\/p>\n<p>Il est pourvu de tous les accessoires n\u00e9cessaires au proth\u00e9sistes : 2 prises, \u00e9t\u00e0g\u00e8re porte-travaux, tiroirs, plateau cheville en inox. pr\u00e9disposition \u00e0 l\u0092aspiration, soufflette r\u00e9tractable, etc. Pr\u00e9-install\u00e9 pour le gaz (robinet en fa\u00e7ade).<\/p>\n<p>Equip\u00e9 d\u0092une pratique cheville aspirante qui s\u0092accouple parfaitement<br \/>\navec notre box de travail Ori\u00f3n (<a href=\"https:\/\/mestrashop.lleset.com\/fr\/producto\/caja-de-trabajo-orion\/\">R\u00e9f. 080214<\/a>), et qui forme ainsi un<br \/>\nensemble compact.<\/p>\n<p>Ses dimensions g\u00e9n\u00e9reuses permettent un \u00e9quipement complet. MESTRA vous sugg\u00e8re l\u0092aspiration Eolo, sa gamme de micro-moteurs, l\u0092\u00e9clairage, le tunnel de photo-polym\u00e9risation, etc. Un espace de travail ergonomique et productif.<\/p>\n","protected":false},"excerpt":{"rendered":"<p>Etablis professionnels de qualit\u00e9, pourvu de tous les accessoires n\u00e9cessaires au proth\u00e9sistes<\/p>\n","protected":false},"featured_media":9821,"comment_status":"closed","ping_status":"closed","template":"","meta":{"_acf_changed":false},"product_brand":[],"product_cat":[1319],"product_tag":[],"class_list":{"0":"post-12533","1":"product","2":"type-product","3":"status-publish","4":"has-post-thumbnail","6":"product_cat-box-de-retouches","8":"first","9":"instock","10":"product-type-simple"},"acf":[],"_links":{"self":[{"href":"https:\/\/mestrashop.lleset.com\/fr\/wp-json\/wp\/v2\/product\/12533","targetHints":{"allow":["GET"]}}],"collection":[{"href":"https:\/\/mestrashop.lleset.com\/fr\/wp-json\/wp\/v2\/product"}],"about":[{"href":"https:\/\/mestrashop.lleset.com\/fr\/wp-json\/wp\/v2\/types\/product"}],"replies":[{"embeddable":true,"href":"https:\/\/mestrashop.lleset.com\/fr\/wp-json\/wp\/v2\/comments?post=12533"}],"wp:featuredmedia":[{"embeddable":true,"href":"https:\/\/mestrashop.lleset.com\/fr\/wp-json\/wp\/v2\/media\/9821"}],"wp:attachment":[{"href":"https:\/\/mestrashop.lleset.com\/fr\/wp-json\/wp\/v2\/media?parent=12533"}],"wp:term":[{"taxonomy":"product_brand","embeddable":true,"href":"https:\/\/mestrashop.lleset.com\/fr\/wp-json\/wp\/v2\/product_brand?post=12533"},{"taxonomy":"product_cat","embeddable":true,"href":"https:\/\/mestrashop.lleset.com\/fr\/wp-json\/wp\/v2\/product_cat?post=12533"},{"taxonomy":"product_tag","embeddable":true,"href":"https:\/\/mestrashop.lleset.com\/fr\/wp-json\/wp\/v2\/product_tag?post=12533"}],"curies":[{"name":"wp","href":"https:\/\/api.w.org\/{rel}","templated":true}]}}