{"id":12547,"date":"2024-03-11T13:37:23","date_gmt":"2024-03-11T12:37:23","guid":{"rendered":"https:\/\/mestrashop.lleset.com\/producto\/bano-de-ultrasonidos-calypso\/"},"modified":"2025-03-26T15:09:51","modified_gmt":"2025-03-26T14:09:51","slug":"bano-de-ultrasonidos-calypso","status":"publish","type":"product","link":"https:\/\/mestrashop.lleset.com\/fr\/producto\/bano-de-ultrasonidos-calypso\/","title":{"rendered":"BAC A ULTRASONS \u00ab\u00a0CALYPSO\u00a0\u00bb"},"content":{"rendered":"<p>Le mod\u00e8le Calypso est un bac \u00e0 ultrasons de derni\u00e8re g\u00e9n\u00e9ration, \u00e9quip\u00e9 des derni\u00e8res nouveaut\u00e9s technologiques:<\/p>\n<ul>\n<li>Transducteurs de type sandwich, \u00e0 puissance r\u00e9elle transmise \u00e0 la cuve de 100 W<\/li>\n<li>Fr\u00e9quence de fonctionnement de 40 kHz, ce qui suppose un compromis optimal entre le bruit et la puissance de nettoyage.<\/li>\n<li>Contr\u00f4le \u00e9lectronique du temps g\u00e9r\u00e9 par un microprocesseur avec affichage digitale et signaux acoustiques.<\/li>\n<li>Syst\u00e8me de chauffe automatique du liquide de nettoyage.<\/li>\n<li>Carcasse fabriqu\u00e9e en polyur\u00e9thane de haute densit\u00e9, mat\u00e9riau r\u00e9sistant aux agents chimiques.<\/li>\n<li>Capacit\u00e9 de la cuve de 4 litres, vidange etc.<\/li>\n<li>A toutes ces caract\u00e9ristiques s&rsquo;ajoute une ligne attractive au design soign\u00e9.<\/li>\n<\/ul>\n","protected":false},"excerpt":{"rendered":"<p>Le mod\u00e8le Calypso est un bac \u00e0 ultrasons de derni\u00e8re g\u00e9n\u00e9ration, \u00e9quip\u00e9 des derni\u00e8res nouveaut\u00e9s technologiques: Transducteurs de type sandwich, \u00e0 puissance r\u00e9elle transmise \u00e0 la cuve de 100 W Fr\u00e9quence de fonctionnement de 40 kHz, ce qui suppose un compromis optimal entre le bruit et la puissance de nettoyage. Contr\u00f4le \u00e9lectronique du temps g\u00e9r\u00e9 [&hellip;]<\/p>\n","protected":false},"featured_media":9815,"comment_status":"closed","ping_status":"closed","template":"","meta":{"_acf_changed":false},"product_brand":[],"product_cat":[1303,2024],"product_tag":[],"class_list":{"0":"post-12547","1":"product","2":"type-product","3":"status-publish","4":"has-post-thumbnail","6":"product_cat-ultrasons","7":"product_cat-bains-a-ultrasons","9":"first","10":"instock","11":"product-type-simple"},"acf":[],"_links":{"self":[{"href":"https:\/\/mestrashop.lleset.com\/fr\/wp-json\/wp\/v2\/product\/12547","targetHints":{"allow":["GET"]}}],"collection":[{"href":"https:\/\/mestrashop.lleset.com\/fr\/wp-json\/wp\/v2\/product"}],"about":[{"href":"https:\/\/mestrashop.lleset.com\/fr\/wp-json\/wp\/v2\/types\/product"}],"replies":[{"embeddable":true,"href":"https:\/\/mestrashop.lleset.com\/fr\/wp-json\/wp\/v2\/comments?post=12547"}],"wp:featuredmedia":[{"embeddable":true,"href":"https:\/\/mestrashop.lleset.com\/fr\/wp-json\/wp\/v2\/media\/9815"}],"wp:attachment":[{"href":"https:\/\/mestrashop.lleset.com\/fr\/wp-json\/wp\/v2\/media?parent=12547"}],"wp:term":[{"taxonomy":"product_brand","embeddable":true,"href":"https:\/\/mestrashop.lleset.com\/fr\/wp-json\/wp\/v2\/product_brand?post=12547"},{"taxonomy":"product_cat","embeddable":true,"href":"https:\/\/mestrashop.lleset.com\/fr\/wp-json\/wp\/v2\/product_cat?post=12547"},{"taxonomy":"product_tag","embeddable":true,"href":"https:\/\/mestrashop.lleset.com\/fr\/wp-json\/wp\/v2\/product_tag?post=12547"}],"curies":[{"name":"wp","href":"https:\/\/api.w.org\/{rel}","templated":true}]}}