{"id":12551,"date":"2024-03-11T13:37:22","date_gmt":"2024-03-11T12:37:22","guid":{"rendered":"https:\/\/mestrashop.lleset.com\/producto\/pulidor-electrolitico-digital-compacto-aire\/"},"modified":"2025-03-25T14:11:51","modified_gmt":"2025-03-25T13:11:51","slug":"pulidor-electrolitico-digital-compacto","status":"publish","type":"product","link":"https:\/\/mestrashop.lleset.com\/fr\/producto\/pulidor-electrolitico-digital-compacto\/","title":{"rendered":"POLISSEUR ELECTROLYTIQUE COMPACT DIGITAL"},"content":{"rendered":"<p>Appareil aux dimensions r\u00e9duites.<br \/>\nLe r\u00e9servoir est amovible, ce qui facilite son nettoyage.<br \/>\nLe contr\u00f4le \u00e9lectronique permet un r\u00e9glage pr\u00e9cis du temps et de l&rsquo;intensit\u00e9.<br \/>\nPossibilit\u00e9 de m\u00e9moriser un programme de polissage.<\/p>\n","protected":false},"excerpt":{"rendered":"<p>Appareil aux dimensions r\u00e9duites. Le r\u00e9servoir est amovible, ce qui facilite son nettoyage. Le contr\u00f4le \u00e9lectronique permet un r\u00e9glage pr\u00e9cis du temps et de l&rsquo;intensit\u00e9. Possibilit\u00e9 de m\u00e9moriser un programme de polissage.<\/p>\n","protected":false},"featured_media":17713,"comment_status":"closed","ping_status":"closed","template":"","meta":{"_acf_changed":false},"product_brand":[],"product_cat":[1309],"product_tag":[],"class_list":{"0":"post-12551","1":"product","2":"type-product","3":"status-publish","4":"has-post-thumbnail","6":"product_cat-polissage-electrolytique","8":"first","9":"instock","10":"product-type-simple"},"acf":[],"_links":{"self":[{"href":"https:\/\/mestrashop.lleset.com\/fr\/wp-json\/wp\/v2\/product\/12551","targetHints":{"allow":["GET"]}}],"collection":[{"href":"https:\/\/mestrashop.lleset.com\/fr\/wp-json\/wp\/v2\/product"}],"about":[{"href":"https:\/\/mestrashop.lleset.com\/fr\/wp-json\/wp\/v2\/types\/product"}],"replies":[{"embeddable":true,"href":"https:\/\/mestrashop.lleset.com\/fr\/wp-json\/wp\/v2\/comments?post=12551"}],"wp:featuredmedia":[{"embeddable":true,"href":"https:\/\/mestrashop.lleset.com\/fr\/wp-json\/wp\/v2\/media\/17713"}],"wp:attachment":[{"href":"https:\/\/mestrashop.lleset.com\/fr\/wp-json\/wp\/v2\/media?parent=12551"}],"wp:term":[{"taxonomy":"product_brand","embeddable":true,"href":"https:\/\/mestrashop.lleset.com\/fr\/wp-json\/wp\/v2\/product_brand?post=12551"},{"taxonomy":"product_cat","embeddable":true,"href":"https:\/\/mestrashop.lleset.com\/fr\/wp-json\/wp\/v2\/product_cat?post=12551"},{"taxonomy":"product_tag","embeddable":true,"href":"https:\/\/mestrashop.lleset.com\/fr\/wp-json\/wp\/v2\/product_tag?post=12551"}],"curies":[{"name":"wp","href":"https:\/\/api.w.org\/{rel}","templated":true}]}}