{"id":12617,"date":"2024-03-11T13:37:05","date_gmt":"2024-03-11T12:37:05","guid":{"rendered":"https:\/\/mestrashop.lleset.com\/producto\/maquina-de-vapor-goldental-5-l\/"},"modified":"2025-03-28T13:22:53","modified_gmt":"2025-03-28T12:22:53","slug":"maquina-de-vapor-goldental-5-l","status":"publish","type":"product","link":"https:\/\/mestrashop.lleset.com\/fr\/producto\/maquina-de-vapor-goldental-5-l\/","title":{"rendered":"GENERATEUR DE VAPEUR &#8211; GOLDENTAL 5 L"},"content":{"rendered":"<p>Machine g\u00e9n\u00e9ration de vapeur Goldental.<\/p>\n<p>En raison de son d\u00e9bit abondant de vapeur s\u00e8che, il est id\u00e9al pour les t\u00e2ches de nettoyage dans la clinique ou le laboratoire dentaire.<\/p>\n<ul>\n<li>Capacit\u00e9 de la cuve de 5 litres.<\/li>\n<li>La pression de service atteint jusqu&rsquo;\u00e0 4 bars, suffisante pour garantir un nettoyage efficace,<\/li>\n<li>Sa taille compacte permet une installation facile.<\/li>\n<li>Design attrayant et moderne.<\/li>\n<li>La pression de service est atteinte en seulement quelques minutes.<\/li>\n<li>En cas de manque d&rsquo;eau, un indicateur avertit l&rsquo;utilisateur.<\/li>\n<\/ul>\n<p>Il est recommand\u00e9 d&rsquo;utiliser de l&rsquo;eau d\u00e9min\u00e9ralis\u00e9e, voire mieux, de l&rsquo;eau distill\u00e9e.<\/p>\n","protected":false},"excerpt":{"rendered":"<p>Machine g\u00e9n\u00e9ration de vapeur Goldental 5 L<\/p>\n","protected":false},"featured_media":9721,"comment_status":"closed","ping_status":"closed","template":"","meta":{"_acf_changed":false},"product_brand":[],"product_cat":[1282],"product_tag":[],"class_list":{"0":"post-12617","1":"product","2":"type-product","3":"status-publish","4":"has-post-thumbnail","6":"product_cat-machines-a-vapeur","8":"first","9":"instock","10":"product-type-simple"},"acf":[],"_links":{"self":[{"href":"https:\/\/mestrashop.lleset.com\/fr\/wp-json\/wp\/v2\/product\/12617","targetHints":{"allow":["GET"]}}],"collection":[{"href":"https:\/\/mestrashop.lleset.com\/fr\/wp-json\/wp\/v2\/product"}],"about":[{"href":"https:\/\/mestrashop.lleset.com\/fr\/wp-json\/wp\/v2\/types\/product"}],"replies":[{"embeddable":true,"href":"https:\/\/mestrashop.lleset.com\/fr\/wp-json\/wp\/v2\/comments?post=12617"}],"wp:featuredmedia":[{"embeddable":true,"href":"https:\/\/mestrashop.lleset.com\/fr\/wp-json\/wp\/v2\/media\/9721"}],"wp:attachment":[{"href":"https:\/\/mestrashop.lleset.com\/fr\/wp-json\/wp\/v2\/media?parent=12617"}],"wp:term":[{"taxonomy":"product_brand","embeddable":true,"href":"https:\/\/mestrashop.lleset.com\/fr\/wp-json\/wp\/v2\/product_brand?post=12617"},{"taxonomy":"product_cat","embeddable":true,"href":"https:\/\/mestrashop.lleset.com\/fr\/wp-json\/wp\/v2\/product_cat?post=12617"},{"taxonomy":"product_tag","embeddable":true,"href":"https:\/\/mestrashop.lleset.com\/fr\/wp-json\/wp\/v2\/product_tag?post=12617"}],"curies":[{"name":"wp","href":"https:\/\/api.w.org\/{rel}","templated":true}]}}