{"id":12802,"date":"2024-03-11T07:52:48","date_gmt":"2024-03-11T06:52:48","guid":{"rendered":"https:\/\/mestrashop.lleset.com\/producto\/boquillas-mezcladoras\/"},"modified":"2025-06-17T10:42:57","modified_gmt":"2025-06-17T08:42:57","slug":"boquillas-mezcladoras","status":"publish","type":"product","link":"https:\/\/mestrashop.lleset.com\/fr\/producto\/boquillas-mezcladoras\/","title":{"rendered":"EMBOUT MELANGEUR"},"content":{"rendered":"<p>Buses m\u00e9langeuses compatibles avec la plupart des produits du march\u00e9. Ils sont fournis en sachets de 50 unit\u00e9s. Dans le cas des pourboires, les sachets sont de 100 unit\u00e9s.<\/p>\n","protected":false},"excerpt":{"rendered":"<p>Buses m\u00e9langeuses compatibles avec la plupart des produits du march\u00e9. Ils sont fournis en sachets de 50 unit\u00e9s. Dans le cas des pourboires, les sachets sont de 100 unit\u00e9s.<\/p>\n","protected":false},"featured_media":20671,"comment_status":"closed","ping_status":"closed","template":"","meta":{"_acf_changed":false},"product_brand":[],"product_cat":[1358,2006],"product_tag":[],"class_list":{"0":"post-12802","1":"product","2":"type-product","3":"status-publish","4":"has-post-thumbnail","6":"product_cat-buses-de-melange-distribution","7":"product_cat-silicone-fr","8":"pa_tipo-buses","9":"pa_tipo-buses-de-melange","11":"first","12":"instock","13":"purchasable","14":"product-type-variable"},"acf":[],"_links":{"self":[{"href":"https:\/\/mestrashop.lleset.com\/fr\/wp-json\/wp\/v2\/product\/12802","targetHints":{"allow":["GET"]}}],"collection":[{"href":"https:\/\/mestrashop.lleset.com\/fr\/wp-json\/wp\/v2\/product"}],"about":[{"href":"https:\/\/mestrashop.lleset.com\/fr\/wp-json\/wp\/v2\/types\/product"}],"replies":[{"embeddable":true,"href":"https:\/\/mestrashop.lleset.com\/fr\/wp-json\/wp\/v2\/comments?post=12802"}],"wp:featuredmedia":[{"embeddable":true,"href":"https:\/\/mestrashop.lleset.com\/fr\/wp-json\/wp\/v2\/media\/20671"}],"wp:attachment":[{"href":"https:\/\/mestrashop.lleset.com\/fr\/wp-json\/wp\/v2\/media?parent=12802"}],"wp:term":[{"taxonomy":"product_brand","embeddable":true,"href":"https:\/\/mestrashop.lleset.com\/fr\/wp-json\/wp\/v2\/product_brand?post=12802"},{"taxonomy":"product_cat","embeddable":true,"href":"https:\/\/mestrashop.lleset.com\/fr\/wp-json\/wp\/v2\/product_cat?post=12802"},{"taxonomy":"product_tag","embeddable":true,"href":"https:\/\/mestrashop.lleset.com\/fr\/wp-json\/wp\/v2\/product_tag?post=12802"}],"curies":[{"name":"wp","href":"https:\/\/api.w.org\/{rel}","templated":true}]}}