{"id":13701,"date":"2024-03-10T09:25:15","date_gmt":"2024-03-10T08:25:15","guid":{"rendered":"https:\/\/mestrashop.lleset.com\/producto\/puntas-de-silicona-grandes\/"},"modified":"2025-03-17T16:22:17","modified_gmt":"2025-03-17T15:22:17","slug":"puntas-de-silicona-grandes","status":"publish","type":"product","link":"https:\/\/mestrashop.lleset.com\/fr\/producto\/puntas-de-silicona-grandes\/","title":{"rendered":"Pointes Montees Grand Format"},"content":{"rendered":"<p>Gros embouts en silicone pour r\u00e9sines acryliques (6 unit\u00e9s). Pour une finition grossi\u00e8re et moyenne.<\/p>\n","protected":false},"excerpt":{"rendered":"<p>Gros embouts en silicone pour r\u00e9sines acryliques (6 unit\u00e9s). Pour une finition grossi\u00e8re et moyenne.<\/p>\n","protected":false},"featured_media":7143,"comment_status":"closed","ping_status":"closed","template":"","meta":{"_acf_changed":false},"product_brand":[],"product_cat":[1360],"product_tag":[],"class_list":{"0":"post-13701","1":"product","2":"type-product","3":"status-publish","4":"has-post-thumbnail","6":"product_cat-abrasifs-rotatifs","8":"first","9":"instock","10":"product-type-variable"},"acf":[],"_links":{"self":[{"href":"https:\/\/mestrashop.lleset.com\/fr\/wp-json\/wp\/v2\/product\/13701","targetHints":{"allow":["GET"]}}],"collection":[{"href":"https:\/\/mestrashop.lleset.com\/fr\/wp-json\/wp\/v2\/product"}],"about":[{"href":"https:\/\/mestrashop.lleset.com\/fr\/wp-json\/wp\/v2\/types\/product"}],"replies":[{"embeddable":true,"href":"https:\/\/mestrashop.lleset.com\/fr\/wp-json\/wp\/v2\/comments?post=13701"}],"wp:featuredmedia":[{"embeddable":true,"href":"https:\/\/mestrashop.lleset.com\/fr\/wp-json\/wp\/v2\/media\/7143"}],"wp:attachment":[{"href":"https:\/\/mestrashop.lleset.com\/fr\/wp-json\/wp\/v2\/media?parent=13701"}],"wp:term":[{"taxonomy":"product_brand","embeddable":true,"href":"https:\/\/mestrashop.lleset.com\/fr\/wp-json\/wp\/v2\/product_brand?post=13701"},{"taxonomy":"product_cat","embeddable":true,"href":"https:\/\/mestrashop.lleset.com\/fr\/wp-json\/wp\/v2\/product_cat?post=13701"},{"taxonomy":"product_tag","embeddable":true,"href":"https:\/\/mestrashop.lleset.com\/fr\/wp-json\/wp\/v2\/product_tag?post=13701"}],"curies":[{"name":"wp","href":"https:\/\/api.w.org\/{rel}","templated":true}]}}