{"id":15290,"date":"2024-09-12T12:20:02","date_gmt":"2024-09-12T10:20:02","guid":{"rendered":"https:\/\/mestrashop.lleset.com\/?post_type=product&#038;p=15290"},"modified":"2025-03-20T08:46:18","modified_gmt":"2025-03-20T07:46:18","slug":"bruleurs-a-gaz-copia","status":"publish","type":"product","link":"https:\/\/mestrashop.lleset.com\/fr\/producto\/bruleurs-a-gaz-copia\/","title":{"rendered":"Briquets \u00e0 gaz pour tuyau m\u00e9tallique spiral\u00e9"},"content":{"rendered":"<p>Nouveaux briquets \u00e0 gaz MESTRA avec certificat d\u2019examen de type<\/p>\n<p>Ils respectent les exigences du \u00a0<a href=\"https:\/\/www.boe.es\/boe\/dias\/2006\/09\/04\/pdfs\/A31576-31632.pdf\">RD 919\/2006<\/a>\u00a0sur la distribution et l\u2019utilisation des combustibles gazeux et de leur ITC-ICG 08.<\/p>\n<p>Pour gaz naturel, butane et propane.<\/p>\n<p>Avec cette nouvelle famille de briquets, MESTRA r\u00e9pond aux exigences r\u00e9glementaires d\u00e9j\u00e0 appliqu\u00e9es dans certaines communaut\u00e9s autonomes. Sa connexion est normalis\u00e9e pour s\u2019adapter directement aux nouveaux tuyaux filet\u00e9s qui remplacent les tubes en caoutchouc traditionnels fix\u00e9s avec des colliers de serrage. Le nouveau syst\u00e8me est plus pratique et plus s\u00fbr.<\/p>\n<p>La configuration du briquet reste inchang\u00e9e : sa position horizontale est sp\u00e9cialement adapt\u00e9e au laboratoire dentaire, \u00e9vitant que la cire n\u2019obstrue la sortie de la flamme. La coupelle pour r\u00e9cup\u00e9rer la cire renVoir produits\u00e9e est \u00e9galement disponible.<\/p>\n<p>Avec un petit adaptateur, les nouveaux chalumeaux peuvent \u00e9galement \u00eatre utilis\u00e9s dans les installations qui sont d\u00e9j\u00e0 en fonctionnement.<\/p>\n","protected":false},"excerpt":{"rendered":"<ul>\n<li>Indispensable dans tous les laboratoires dentaires. Sa hauteur r\u00e9duite est con\u00e7ue pour un plus grand confort d&rsquo;utilisation.<\/li>\n<li>Sa position horizontale est sp\u00e9cialement adapt\u00e9e au laboratoire dentaire, \u00e9vitant que la cire ne bloque la sortie de la flamme.<\/li>\n<li>Il est \u00e9galement disponible avec un gobelet pour recueillir et r\u00e9cup\u00e9rer la cire renvers\u00e9e.<\/li>\n<\/ul>\n","protected":false},"featured_media":15356,"comment_status":"closed","ping_status":"closed","template":"","meta":{"_acf_changed":false},"product_brand":[],"product_cat":[1798],"product_tag":[],"class_list":{"0":"post-15290","1":"product","2":"type-product","3":"status-publish","4":"has-post-thumbnail","6":"product_cat-briquets-a-gaz","7":"pa_espiga-tubo-sansvisse","8":"pa_espiga-tubo-visse-robinet","9":"pa_recipiente-avec-conteneur","10":"pa_recipiente-sans-conteneur","11":"pa_tipo-gas-butane-fr","12":"pa_tipo-gas-naturel","14":"first","15":"instock","16":"purchasable","17":"product-type-variable"},"acf":[],"_links":{"self":[{"href":"https:\/\/mestrashop.lleset.com\/fr\/wp-json\/wp\/v2\/product\/15290","targetHints":{"allow":["GET"]}}],"collection":[{"href":"https:\/\/mestrashop.lleset.com\/fr\/wp-json\/wp\/v2\/product"}],"about":[{"href":"https:\/\/mestrashop.lleset.com\/fr\/wp-json\/wp\/v2\/types\/product"}],"replies":[{"embeddable":true,"href":"https:\/\/mestrashop.lleset.com\/fr\/wp-json\/wp\/v2\/comments?post=15290"}],"wp:featuredmedia":[{"embeddable":true,"href":"https:\/\/mestrashop.lleset.com\/fr\/wp-json\/wp\/v2\/media\/15356"}],"wp:attachment":[{"href":"https:\/\/mestrashop.lleset.com\/fr\/wp-json\/wp\/v2\/media?parent=15290"}],"wp:term":[{"taxonomy":"product_brand","embeddable":true,"href":"https:\/\/mestrashop.lleset.com\/fr\/wp-json\/wp\/v2\/product_brand?post=15290"},{"taxonomy":"product_cat","embeddable":true,"href":"https:\/\/mestrashop.lleset.com\/fr\/wp-json\/wp\/v2\/product_cat?post=15290"},{"taxonomy":"product_tag","embeddable":true,"href":"https:\/\/mestrashop.lleset.com\/fr\/wp-json\/wp\/v2\/product_tag?post=15290"}],"curies":[{"name":"wp","href":"https:\/\/api.w.org\/{rel}","templated":true}]}}