{"id":20800,"date":"2025-07-28T09:21:22","date_gmt":"2025-07-28T07:21:22","guid":{"rendered":"https:\/\/mestrashop.lleset.com\/?post_type=product&#038;p=20800"},"modified":"2025-07-28T09:21:23","modified_gmt":"2025-07-28T07:21:23","slug":"lampe-a-polymeriser-de-base-v200","status":"publish","type":"product","link":"https:\/\/mestrashop.lleset.com\/fr\/producto\/lampe-a-polymeriser-de-base-v200\/","title":{"rendered":"Lampe \u00e0 polym\u00e9riser de base V200"},"content":{"rendered":"<p>La lampe de polym\u00e9risation de base V200 est une solution efficace, qui met une technologie essentielle et rentable \u00e0 la port\u00e9e de tous les budgets. Elle a \u00e9t\u00e9 con\u00e7ue pour offrir des performances fiables et constantes et constituer un choix judicieux pour une utilisation quotidienne ou une solution de secours fiable en cas d&rsquo;\u00e9ventualit\u00e9 avec des produits plus haut de gamme.<\/p>\n<p>Le canon \u00e0 fibre optique robuste du V200 dirige efficacement la lumi\u00e8re pour obtenir une polym\u00e9risation homog\u00e8ne des composites. Son design a \u00e9t\u00e9 con\u00e7u dans un souci de simplicit\u00e9 et de durabilit\u00e9, afin que l&rsquo;utilisateur dispose toujours d&rsquo;un outil fonctionnel et pr\u00eat \u00e0 l&#8217;emploi. Le V200 est pr\u00eat \u00e0 r\u00e9pondre aux exigences de base de tout cabinet dentaire.<\/p>\n<p>Il se distingue par son rapport qualit\u00e9-prix imbattable, ce qui en fait un choix id\u00e9al pour les nouvelles cliniques, ou comme deuxi\u00e8me unit\u00e9 indispensable, offrant une tranquillit\u00e9 d&rsquo;esprit en cas d&rsquo;\u00e9v\u00e9nements impr\u00e9vus.<\/p>\n<ul>\n<li>Intensit\u00e9 lumineuse constante.<\/li>\n<li>Jusqu&rsquo;\u00e0 600 polym\u00e9risations avec une seule recharge.<\/li>\n<li>Conception confortable et ergonomique. Facile \u00e0 utiliser.<\/li>\n<li>Arr\u00eat automatique en cas de non-utilisation.<\/li>\n<li>Rayonnement : entre 1600 ~ 2000 W\/cm2<\/li>\n<li>Limite d&rsquo;\u00e9mission 3.9 X 10J<\/li>\n<li>Longueur d&rsquo;onde de polym\u00e9risation : 420~480 nm.<\/li>\n<\/ul>\n","protected":false},"excerpt":{"rendered":"<p>Lampe \u00e0 polym\u00e9riser de base V200.<br \/>\nUne solution efficace qui met la technologie essentielle et \u00e9conomique \u00e0 la port\u00e9e de tous les budgets.<\/p>\n","protected":false},"featured_media":20795,"comment_status":"closed","ping_status":"closed","template":"","meta":{"_acf_changed":false},"product_brand":[],"product_cat":[1994],"product_tag":[],"class_list":{"0":"post-20800","1":"product","2":"type-product","3":"status-publish","4":"has-post-thumbnail","6":"product_cat-lampes-uv","8":"first","9":"instock","10":"shipping-taxable","11":"purchasable","12":"product-type-simple"},"acf":[],"_links":{"self":[{"href":"https:\/\/mestrashop.lleset.com\/fr\/wp-json\/wp\/v2\/product\/20800","targetHints":{"allow":["GET"]}}],"collection":[{"href":"https:\/\/mestrashop.lleset.com\/fr\/wp-json\/wp\/v2\/product"}],"about":[{"href":"https:\/\/mestrashop.lleset.com\/fr\/wp-json\/wp\/v2\/types\/product"}],"replies":[{"embeddable":true,"href":"https:\/\/mestrashop.lleset.com\/fr\/wp-json\/wp\/v2\/comments?post=20800"}],"wp:featuredmedia":[{"embeddable":true,"href":"https:\/\/mestrashop.lleset.com\/fr\/wp-json\/wp\/v2\/media\/20795"}],"wp:attachment":[{"href":"https:\/\/mestrashop.lleset.com\/fr\/wp-json\/wp\/v2\/media?parent=20800"}],"wp:term":[{"taxonomy":"product_brand","embeddable":true,"href":"https:\/\/mestrashop.lleset.com\/fr\/wp-json\/wp\/v2\/product_brand?post=20800"},{"taxonomy":"product_cat","embeddable":true,"href":"https:\/\/mestrashop.lleset.com\/fr\/wp-json\/wp\/v2\/product_cat?post=20800"},{"taxonomy":"product_tag","embeddable":true,"href":"https:\/\/mestrashop.lleset.com\/fr\/wp-json\/wp\/v2\/product_tag?post=20800"}],"curies":[{"name":"wp","href":"https:\/\/api.w.org\/{rel}","templated":true}]}}