{"id":20835,"date":"2025-07-28T09:21:41","date_gmt":"2025-07-28T07:21:41","guid":{"rendered":"https:\/\/mestrashop.lleset.com\/?post_type=product&#038;p=20835"},"modified":"2025-07-28T09:21:41","modified_gmt":"2025-07-28T07:21:41","slug":"lampe-a-polymeriser-moyenne-gamme-dv-50","status":"publish","type":"product","link":"https:\/\/mestrashop.lleset.com\/fr\/producto\/lampe-a-polymeriser-moyenne-gamme-dv-50\/","title":{"rendered":"Lampe \u00e0 polym\u00e9riser moyenne gamme DV 50"},"content":{"rendered":"<p>La lampe de polym\u00e9risation MESTRA DV50 a \u00e9t\u00e9 con\u00e7ue pour optimiser chaque \u00e9tape de la polym\u00e9risation des composites. La principale innovation du DV50 r\u00e9side dans le placement direct de l&rsquo;\u00e9metteur LED, \u00e9liminant ainsi la fibre optique pour une transmission de la lumi\u00e8re sans obstruction. Il en r\u00e9sulte une densit\u00e9 de puissance nettement plus \u00e9lev\u00e9e, atteignant jusqu&rsquo;\u00e0 2600 mW\/cm\u00b2. Le durcissement est donc tr\u00e8s rapide, ce qui minimise le temps d&rsquo;exposition.<\/p>\n<p>Gr\u00e2ce \u00e0 une technologie de collimation avanc\u00e9e, la lumi\u00e8re LED reste concentr\u00e9e, assurant une polym\u00e9risation profonde et uniforme des restaurations les plus complexes. Ergonomique et pratique. Sa forme droite et profil\u00e9e permet d&rsquo;acc\u00e9der sans effort aux zones post\u00e9rieures de l&rsquo;arcade, telles que les molaires et les troisi\u00e8mes molaires, \u00e9liminant ainsi l&rsquo;inconfort associ\u00e9 \u00e0 d&rsquo;autres lampes.<\/p>\n<p><strong>CARACT\u00c9RISTIQUES<\/strong><\/p>\n<ul>\n<li>Compteur d&rsquo;intensit\u00e9 lumineuse int\u00e9gr\u00e9 \u00e0 la base de chargement : v\u00e9rifie l&rsquo;efficacit\u00e9 de la lampe \u00e0 tout moment, garantissant des performances optimales \u00e0 chaque utilisation.<\/li>\n<li>Chargement sans fil, sans c\u00e2ble ni connecteur : une base propre et pratique qui facilite le chargement et l&rsquo;entretien.<\/li>\n<li>Fonction de d\u00e9tection des caries, facilitant le diagnostic des caries.<\/li>\n<li>\u00c9cran moderne et corps en m\u00e9tal (aluminium) tr\u00e8s r\u00e9sistant : conception robuste et durable, id\u00e9ale pour une utilisation quotidienne intensive en clinique.<\/li>\n<li>LED haute puissance (10 W) : garantit une \u00e9nergie lumineuse exceptionnelle pour une polym\u00e9risation efficace.<\/li>\n<\/ul>\n<p>&nbsp;<\/p>\n<table style=\"table-layout: fixed;\">\n<tbody>\n<tr>\n<td><img decoding=\"async\" src=\"https:\/\/mestrashop.lleset.com\/wp-content\/uploads\/2025\/06\/lentes_100705.jpg?t=1750313265\" \/><\/td>\n<td><strong>FOURNI AVEC DEUX LENTILLES DE GUIDAGE<\/strong><\/p>\n<p><strong>1. LENTILLE DE GUIDAGE ENDO:<\/strong><br \/>\nPour la pr\u00e9paration de rootapex et d&rsquo;autres st\u00e9noses.<br \/>\n<strong>2. LENTILLE DE POLYM\u00c9RISATION SPH\u00c9RIQUE:<\/strong><br \/>\nPour les petits composites. Utile pour construire des contacts convexproximaux.<\/td>\n<\/tr>\n<\/tbody>\n<\/table>\n<table style=\"table-layout: fixed;\">\n<tbody>\n<tr>\n<td><img decoding=\"async\" src=\"https:\/\/mestrashop.lleset.com\/wp-content\/uploads\/2025\/06\/led_100705.jpg\" \/><\/td>\n<td><strong><span style=\"text-decoration: underline;\">LED HAUTE PUISSANCE : 10 W<\/span><\/strong><\/p>\n<p>Le faisceau lumineux collimat\u00e9 assure un rendement concentr\u00e9 sur une surface r\u00e9duite, de sorte que la densit\u00e9 de puissance atteint plus de 2500 W\/cm\u00b2.<\/p>\n<p>Tout cela sans sacrifier la surface d&rsquo;application effective de 10 mm\u00b2, qui est suffisante pour durcir m\u00eame les r\u00e9parations les plus importantes.<\/td>\n<\/tr>\n<\/tbody>\n<\/table>\n<table style=\"table-layout: fixed;\">\n<tbody>\n<tr>\n<td><img decoding=\"async\" src=\"https:\/\/mestrashop.lleset.com\/wp-content\/uploads\/2025\/06\/detector-caries_100705.jpg\" \/><\/td>\n<td><span style=\"text-decoration: underline;\"><strong>D\u00c9TECTION DES CARIES AVEC PR\u00c9CISION<\/strong><\/span><\/p>\n<p>En mode d\u00e9tection des caries, sans changer de pi\u00e8ce \u00e0 main, l&rsquo;appareil \u00e9met une fluorescence rouge lorsqu&rsquo;il \u00e9claire les zones cari\u00e9es, ce qui facilite grandement le diagnostic des caries. Les ombres projet\u00e9es servent de r\u00e9f\u00e9rence.<\/td>\n<\/tr>\n<\/tbody>\n<\/table>\n<table style=\"table-layout: fixed;\">\n<tbody>\n<tr>\n<td><img decoding=\"async\" src=\"https:\/\/mestrashop.lleset.com\/wp-content\/uploads\/2025\/06\/base_100705.jpg\" \/><\/td>\n<td><span style=\"text-decoration: underline;\"><strong>BASE AVEC MESURE DE L&rsquo;INTENSIT\u00c9 LUMINEUSE<\/strong><\/span><\/p>\n<p>La base de chargement mesure l&rsquo;intensit\u00e9 lumineuse pour garantir des r\u00e9sultats pr\u00e9cis en mati\u00e8re de polym\u00e9risation de la r\u00e9sine.<\/td>\n<\/tr>\n<\/tbody>\n<\/table>\n<table style=\"table-layout: fixed;\">\n<tbody>\n<tr>\n<td><img decoding=\"async\" src=\"https:\/\/mestrashop.lleset.com\/wp-content\/uploads\/2025\/06\/cabezal_100705.jpg\" \/><\/td>\n<td><strong><span style=\"text-decoration: underline;\">T\u00caTE ROTATIVE<\/span><\/strong><\/p>\n<p>Plus de flexibilit\u00e9 et d&rsquo;adaptabilit\u00e9 pour atteindre facilement n&rsquo;importe quel angle intra-oral.<\/td>\n<\/tr>\n<\/tbody>\n<\/table>\n","protected":false},"excerpt":{"rendered":"<p>Lampe \u00e0 polym\u00e9riser moyenne gamme DV 50<\/p>\n","protected":false},"featured_media":20806,"comment_status":"closed","ping_status":"closed","template":"","meta":{"_acf_changed":false},"product_brand":[],"product_cat":[1994],"product_tag":[],"class_list":{"0":"post-20835","1":"product","2":"type-product","3":"status-publish","4":"has-post-thumbnail","6":"product_cat-lampes-uv","8":"first","9":"instock","10":"shipping-taxable","11":"purchasable","12":"product-type-simple"},"acf":[],"_links":{"self":[{"href":"https:\/\/mestrashop.lleset.com\/fr\/wp-json\/wp\/v2\/product\/20835","targetHints":{"allow":["GET"]}}],"collection":[{"href":"https:\/\/mestrashop.lleset.com\/fr\/wp-json\/wp\/v2\/product"}],"about":[{"href":"https:\/\/mestrashop.lleset.com\/fr\/wp-json\/wp\/v2\/types\/product"}],"replies":[{"embeddable":true,"href":"https:\/\/mestrashop.lleset.com\/fr\/wp-json\/wp\/v2\/comments?post=20835"}],"wp:featuredmedia":[{"embeddable":true,"href":"https:\/\/mestrashop.lleset.com\/fr\/wp-json\/wp\/v2\/media\/20806"}],"wp:attachment":[{"href":"https:\/\/mestrashop.lleset.com\/fr\/wp-json\/wp\/v2\/media?parent=20835"}],"wp:term":[{"taxonomy":"product_brand","embeddable":true,"href":"https:\/\/mestrashop.lleset.com\/fr\/wp-json\/wp\/v2\/product_brand?post=20835"},{"taxonomy":"product_cat","embeddable":true,"href":"https:\/\/mestrashop.lleset.com\/fr\/wp-json\/wp\/v2\/product_cat?post=20835"},{"taxonomy":"product_tag","embeddable":true,"href":"https:\/\/mestrashop.lleset.com\/fr\/wp-json\/wp\/v2\/product_tag?post=20835"}],"curies":[{"name":"wp","href":"https:\/\/api.w.org\/{rel}","templated":true}]}}