{"id":20904,"date":"2025-07-28T09:24:16","date_gmt":"2025-07-28T07:24:16","guid":{"rendered":"https:\/\/mestrashop.lleset.com\/?post_type=product&#038;p=20904"},"modified":"2025-07-28T12:02:04","modified_gmt":"2025-07-28T10:02:04","slug":"nettoyeur-a-ultrasons-q5","status":"publish","type":"product","link":"https:\/\/mestrashop.lleset.com\/fr\/producto\/nettoyeur-a-ultrasons-q5\/","title":{"rendered":"Nettoyeur \u00e0 ultrasons Q5"},"content":{"rendered":"<h2><strong>Nettoyeur \u00e0 ultrasons Q5<\/strong><\/h2>\n<h3><strong>Un traitement sans douleur<\/strong><\/h3>\n<ul>\n<li><span style=\"text-decoration: underline;\">Design classique attrayant en noir et blanc.<\/span><\/li>\n<li><span style=\"text-decoration: underline;\">R\u00e9glage de la puissance (100-800 Mn).<\/span><\/li>\n<li><span style=\"text-decoration: underline;\">3 modes de fonctionnement:<\/span><br \/>\nNettoyage g\u00e9n\u00e9ral, Traitement parodontal, Traitement endodontique.<\/li>\n<li><span style=\"text-decoration: underline;\">Alimentation automatique en eau \u00e0 partir d&rsquo;une bouteille int\u00e9gr\u00e9e \u00e0 l&rsquo;appareil.<\/span><\/li>\n<li><span style=\"text-decoration: underline;\">Panneau de commande \u00e9tanche:<\/span><br \/>\n&#8211; Ecran tactile ultra-sensible permettant de passer d&rsquo;un mode G\/P\/E \u00e0 l&rsquo;autre d&rsquo;une simple pression.<br \/>\n&#8211; 12 niveaux de puissance.<br \/>\n&#8211; Nettoyage extr\u00eamement facile.<\/li>\n<li><span style=\"text-decoration: underline;\">R\u00e9servoir d&rsquo;eau de grande capacit\u00e9:<\/span><br \/>\n&#8211; Capacit\u00e9 de 800 ml (suffisante pour au moins deux patients).<br \/>\n&#8211; Pompe \u00e0 eau de qualit\u00e9 sup\u00e9rieure.<br \/>\n&#8211; Tubes antibact\u00e9riens, compatibles avec l&rsquo;eau distill\u00e9e et les solutions d\u00e9sinfectantes.<\/li>\n<li><span style=\"text-decoration: underline;\">P\u00e9dale de commande sans fil IPX4 incluse:<\/span> \u00c9limine les enchev\u00eatrements de c\u00e2bles.<\/li>\n<\/ul>\n<p><span style=\"text-decoration: underline;\"><strong>TECHNOLOGIE SINUSO\u00cfDALE<\/strong><\/span><\/p>\n<p>Il \u00e9vite l&rsquo;impact instantan\u00e9 de l&rsquo;onde carr\u00e9e traditionnelle, offrant une amplitude stable et des vibrations r\u00e9guli\u00e8res et puissantes. Efficacit\u00e9 et confort pour un nettoyage des dents sans douleur.<\/p>\n<ul>\n<li><strong>Duret\u00e9 de la pointe de travail:<\/strong> 30 HRC<\/li>\n<li><strong>Fr\u00e9quence de vibration:<\/strong> 25-35 kHz<\/li>\n<li><strong>Amplitude:<\/strong> 20-80 \u03bcm<\/li>\n<li><strong>Profondeur de traitement:<\/strong> 14 mm<\/li>\n<\/ul>\n<p><span style=\"text-decoration: underline;\"><strong>PI\u00c8CE \u00c0 MAIN AVEC \u00c9CLAIRAGE LED DE HAUTE QUALIT\u00c9<\/strong><\/span><\/p>\n<ul>\n<li>Conception d\u00e9tachable pour la st\u00e9rilisation.<\/li>\n<li>Compatible avec la st\u00e9rilisation \u00e0 haute temp\u00e9rature et sous pression.<\/li>\n<li>Lumi\u00e8re teint\u00e9e pour une meilleure visibilit\u00e9.<\/li>\n<\/ul>\n<table>\n<tbody>\n<tr>\n<td><img decoding=\"async\" src=\"https:\/\/mestrashop.lleset.com\/wp-content\/uploads\/2025\/06\/puntas_100755.jpg\" \/><\/td>\n<td><strong><span style=\"text-decoration: underline;\">POINTES EN ALLIAGE DE TITANE<\/span><\/strong><\/p>\n<p>Pointes parodontales de faible duret\u00e9 qui n&rsquo;endommagent pas les dents. Duret\u00e9s comparatives:<\/p>\n<ul>\n<li>Pointe en acier inoxydable: HRC30<\/li>\n<li>Ciment dentaire: HRC30-40<\/li>\n<li>\u00c9mail: HRC50-60<\/li>\n<li>Acier inoxydable: HRC50<\/li>\n<\/ul>\n<\/td>\n<\/tr>\n<tr>\n<td><img decoding=\"async\" src=\"https:\/\/mestrashop.lleset.com\/wp-content\/uploads\/2025\/06\/plimpieza_100755.jpg\" \/><\/td>\n<td><strong><span style=\"text-decoration: underline;\">CONSEIL DE NETTOYAGE P16<\/span><\/strong><\/p>\n<ul>\n<li>Conception de l&#8217;embout sph\u00e9rique (diam\u00e8tre 1,2 mm)<\/li>\n<li>Minimise l&rsquo;irritation des gencives<\/li>\n<li>Amplitude inf\u00e9rieure \u00e0 80 \u03bcmEmbout de nettoyage P16<\/li>\n<\/ul>\n<\/td>\n<\/tr>\n<tr>\n<td><img decoding=\"async\" src=\"https:\/\/mestrashop.lleset.com\/wp-content\/uploads\/2025\/06\/resultados_100755.jpg\" \/><\/td>\n<td><strong><span style=\"text-decoration: underline;\">R\u00c9SULTATS DU NETTOYAGE<\/span><\/strong><\/p>\n<p>Avant et apr\u00e8s le traitement et le nettoyage.<\/td>\n<\/tr>\n<tr>\n<td><img decoding=\"async\" src=\"https:\/\/mestrashop.lleset.com\/wp-content\/uploads\/2025\/06\/grafico_100755.jpg\" \/><\/td>\n<td><strong><span style=\"text-decoration: underline;\">COMPARAISON DE L&rsquo;ONDE SINUSO\u00cfDALE ET DE L&rsquo;ONDE CARR\u00c9E TRADITIONNELLE<\/span><\/strong><\/p>\n<p><strong><span style=\"background-color: #3366ff;\">\u00a0 <span style=\"color: #ffffff;\">Graphique sinuso\u00efdal\u00a0\u00a0<\/span><\/span><\/strong><span style=\"text-decoration: underline;\"><strong><br \/>\n<\/strong><\/span>&#8211; Amplitude stable (20-80 \u03bcm)<br \/>\n&#8211; Vibrations r\u00e9guli\u00e8res.<\/p>\n<p><span style=\"background-color: #339966; color: #ffffff;\"><strong>\u00a0 Graphique de l&rsquo;onde carr\u00e9e (nettoyeur traditionnel) \u00a0<\/strong><\/span><br \/>\n&#8211; Impact instantan\u00e9.<br \/>\n&#8211; Amplitude irr\u00e9guli\u00e8re.<\/td>\n<\/tr>\n<\/tbody>\n<\/table>\n","protected":false},"excerpt":{"rendered":"<p>Nettoyeur \u00e0 ultrasons Q5<\/p>\n","protected":false},"featured_media":20899,"comment_status":"closed","ping_status":"closed","template":"","meta":{"_acf_changed":false},"product_brand":[],"product_cat":[1970],"product_tag":[],"class_list":{"0":"post-20904","1":"product","2":"type-product","3":"status-publish","4":"has-post-thumbnail","6":"product_cat-prophylaxie","8":"first","9":"instock","10":"shipping-taxable","11":"purchasable","12":"product-type-simple"},"acf":[],"_links":{"self":[{"href":"https:\/\/mestrashop.lleset.com\/fr\/wp-json\/wp\/v2\/product\/20904","targetHints":{"allow":["GET"]}}],"collection":[{"href":"https:\/\/mestrashop.lleset.com\/fr\/wp-json\/wp\/v2\/product"}],"about":[{"href":"https:\/\/mestrashop.lleset.com\/fr\/wp-json\/wp\/v2\/types\/product"}],"replies":[{"embeddable":true,"href":"https:\/\/mestrashop.lleset.com\/fr\/wp-json\/wp\/v2\/comments?post=20904"}],"wp:featuredmedia":[{"embeddable":true,"href":"https:\/\/mestrashop.lleset.com\/fr\/wp-json\/wp\/v2\/media\/20899"}],"wp:attachment":[{"href":"https:\/\/mestrashop.lleset.com\/fr\/wp-json\/wp\/v2\/media?parent=20904"}],"wp:term":[{"taxonomy":"product_brand","embeddable":true,"href":"https:\/\/mestrashop.lleset.com\/fr\/wp-json\/wp\/v2\/product_brand?post=20904"},{"taxonomy":"product_cat","embeddable":true,"href":"https:\/\/mestrashop.lleset.com\/fr\/wp-json\/wp\/v2\/product_cat?post=20904"},{"taxonomy":"product_tag","embeddable":true,"href":"https:\/\/mestrashop.lleset.com\/fr\/wp-json\/wp\/v2\/product_tag?post=20904"}],"curies":[{"name":"wp","href":"https:\/\/api.w.org\/{rel}","templated":true}]}}