{"id":20931,"date":"2025-07-28T09:24:34","date_gmt":"2025-07-28T07:24:34","guid":{"rendered":"https:\/\/mestrashop.lleset.com\/?post_type=product&#038;p=20931"},"modified":"2025-07-28T12:03:06","modified_gmt":"2025-07-28T10:03:06","slug":"nettoyeur-a-ultrasons-q6","status":"publish","type":"product","link":"https:\/\/mestrashop.lleset.com\/fr\/producto\/nettoyeur-a-ultrasons-q6\/","title":{"rendered":"Nettoyeur \u00e0 ultrasons Q6"},"content":{"rendered":"<h2><strong>Nettoyeur \u00e0 ultrasons Q6<\/strong><\/h2>\n<h3><strong>L&rsquo;excellence des soins dentaires<\/strong><\/h3>\n<p><span style=\"text-decoration: underline;\"><strong>HAUTE PERFORMANCE<\/strong><\/span><\/p>\n<p>6 fonctions en 1 seul appareil :<\/p>\n<ul>\n<li>Nettoyage par ultrasons.<\/li>\n<li>Th\u00e9rapie parodontale.<\/li>\n<li>Irrigation du canal radiculaire.<\/li>\n<li>A\u00e9ropolissage supragingival.<\/li>\n<li>A\u00e9ropolissage sous-gingival.<\/li>\n<li>Entretien des implants.HAUTE PERFORMANCE<\/li>\n<\/ul>\n<p><span style=\"text-decoration: underline;\"><strong>\u00c9L\u00c9GANT PANNEAU TOUCH<\/strong><\/span><br \/>\nInterface claire avec capteurs ultra-sensibles, conception r\u00e9sistante \u00e0 la poussi\u00e8re et \u00e0 l&rsquo;eau. Fonctionne m\u00eame avec des gants, des gouttes d&rsquo;eau ou des protections.<\/p>\n<p><span style=\"text-decoration: underline;\"><strong>DUAL WATER TANK DESIGN<\/strong><\/span><br \/>\nPassez rapidement d&rsquo;un r\u00e9servoir \u00e0 l&rsquo;autre pour utiliser de l&rsquo;eau pure ou des solutions m\u00e9dicamenteuses d&rsquo;un simple clic.<\/p>\n<p><span style=\"text-decoration: underline;\"><strong>P\u00c9DALE MULTIFONCTIONNELLE SANS FIL<\/strong><\/span><br \/>\nSans fil : contr\u00f4le de la puissance, commutation de mode et d\u00e9marrage\/arr\u00eat.<\/p>\n<table>\n<tbody>\n<tr>\n<td><img decoding=\"async\" src=\"https:\/\/mestrashop.lleset.com\/wp-content\/uploads\/2025\/06\/puntas_100760.jpg\" \/><\/td>\n<td><strong><span style=\"text-decoration: underline;\">EMBOUTS EN ALLIAGE DE TITANE<\/span><\/strong><br \/>\nFaible duret\u00e9 pour prot\u00e9ger les dents et les gencives.<\/td>\n<\/tr>\n<tr>\n<td><img decoding=\"async\" src=\"https:\/\/mestrashop.lleset.com\/wp-content\/uploads\/2025\/06\/onda_100760.jpg\" \/><\/td>\n<td><strong><span style=\"text-decoration: underline;\">TECHNOLOGIE DE L&rsquo;ONDE SINUSO\u00cfDALE<\/span><\/strong><\/p>\n<ul>\n<li>\u00c9vite les chocs brusques (comme dans le cas de l&rsquo;onde carr\u00e9e traditionnelle).<\/li>\n<li>Puissance de sortie r\u00e9guli\u00e8re et stable.<\/li>\n<li>Retour d&rsquo;information intelligent pour l&rsquo;ajustement automatique de la puissance.<\/li>\n<\/ul>\n<\/td>\n<\/tr>\n<tr>\n<td><img decoding=\"async\" src=\"https:\/\/mestrashop.lleset.com\/wp-content\/uploads\/2025\/06\/amplitud_100760.jpg\" \/><\/td>\n<td><strong><span style=\"text-decoration: underline;\">AMPLITUDE ELLIPTIQUE POUR LE CONFORT<\/span><\/strong><\/p>\n<p>La trajectoire elliptique des vibrations permet :<\/p>\n<ul>\n<li>Un fonctionnement \u00e0 0\u00b0 sur la surface de la dent.<\/li>\n<li>Effet de polissage.<br \/>\nR\u00e9partition uniforme de la force d&rsquo;impact.<\/li>\n<li>Nettoyage sans angle mort sur 360\u00b0.<\/li>\n<\/ul>\n<\/td>\n<\/tr>\n<tr>\n<td><img decoding=\"async\" src=\"https:\/\/mestrashop.lleset.com\/wp-content\/uploads\/2025\/06\/placa_100760.jpg\" \/><\/td>\n<td><strong><span style=\"text-decoration: underline;\">\u00c9LIMINATION EFFICACE DE LA PLAQUE DENTAIRE<\/span><\/strong><\/p>\n<ul>\n<li>Polissage supra-gingival : pi\u00e8ce \u00e0 main de 0,7 mm (acier de tr\u00e8s haute qualit\u00e9).<\/li>\n<li>Polissage sous-gingival : pi\u00e8ce \u00e0 main sp\u00e9cialis\u00e9e pour les poches parodontales.<\/li>\n<\/ul>\n<\/td>\n<\/tr>\n<tr>\n<td><img decoding=\"async\" src=\"https:\/\/mestrashop.lleset.com\/wp-content\/uploads\/2025\/06\/soplado_100760.jpg\" \/><\/td>\n<td><strong><span style=\"text-decoration: underline;\">TECHNOLOGIE DE NETTOYAGE PAR SOUFFLAGE INVERSE<\/span><\/strong><\/p>\n<ul>\n<li>Brevet exclusif: \u00c9limine la poussi\u00e8re accumul\u00e9e sans aiguille de nettoyage.<\/li>\n<li>5 structures de protection internes contre le colmatage et l&rsquo;humidit\u00e9.<\/li>\n<\/ul>\n<\/td>\n<\/tr>\n<tr>\n<td><img decoding=\"async\" src=\"https:\/\/mestrashop.lleset.com\/wp-content\/uploads\/2025\/06\/grafico_100760.jpg\" \/><\/td>\n<td><strong><span style=\"text-decoration: underline;\">R\u00c9GLAGE DE LA QUANTIT\u00c9 D&rsquo;ABRASIF \u00c0 PRESSION CONSTANTE.<\/span><\/strong><\/p>\n<ul>\n<li>Contr\u00f4le pr\u00e9cis du d\u00e9bit d&rsquo;abrasif sans variation de la pression d&rsquo;air.<\/li>\n<li>\u00c9limine l&rsquo;inconfort li\u00e9 \u00e0 la sensibilit\u00e9 des dents.<\/li>\n<\/ul>\n<\/td>\n<\/tr>\n<\/tbody>\n<\/table>\n","protected":false},"excerpt":{"rendered":"<p>Nettoyeur \u00e0 ultrasons Q6<\/p>\n","protected":false},"featured_media":20908,"comment_status":"closed","ping_status":"closed","template":"","meta":{"_acf_changed":false},"product_brand":[],"product_cat":[1970],"product_tag":[],"class_list":{"0":"post-20931","1":"product","2":"type-product","3":"status-publish","4":"has-post-thumbnail","6":"product_cat-prophylaxie","8":"first","9":"instock","10":"shipping-taxable","11":"purchasable","12":"product-type-simple"},"acf":[],"_links":{"self":[{"href":"https:\/\/mestrashop.lleset.com\/fr\/wp-json\/wp\/v2\/product\/20931","targetHints":{"allow":["GET"]}}],"collection":[{"href":"https:\/\/mestrashop.lleset.com\/fr\/wp-json\/wp\/v2\/product"}],"about":[{"href":"https:\/\/mestrashop.lleset.com\/fr\/wp-json\/wp\/v2\/types\/product"}],"replies":[{"embeddable":true,"href":"https:\/\/mestrashop.lleset.com\/fr\/wp-json\/wp\/v2\/comments?post=20931"}],"wp:featuredmedia":[{"embeddable":true,"href":"https:\/\/mestrashop.lleset.com\/fr\/wp-json\/wp\/v2\/media\/20908"}],"wp:attachment":[{"href":"https:\/\/mestrashop.lleset.com\/fr\/wp-json\/wp\/v2\/media?parent=20931"}],"wp:term":[{"taxonomy":"product_brand","embeddable":true,"href":"https:\/\/mestrashop.lleset.com\/fr\/wp-json\/wp\/v2\/product_brand?post=20931"},{"taxonomy":"product_cat","embeddable":true,"href":"https:\/\/mestrashop.lleset.com\/fr\/wp-json\/wp\/v2\/product_cat?post=20931"},{"taxonomy":"product_tag","embeddable":true,"href":"https:\/\/mestrashop.lleset.com\/fr\/wp-json\/wp\/v2\/product_tag?post=20931"}],"curies":[{"name":"wp","href":"https:\/\/api.w.org\/{rel}","templated":true}]}}