{"id":21363,"date":"2025-06-20T10:19:22","date_gmt":"2025-06-20T08:19:22","guid":{"rendered":"https:\/\/mestrashop.lleset.com\/?post_type=product&#038;p=21363"},"modified":"2025-09-25T09:00:25","modified_gmt":"2025-09-25T07:00:25","slug":"porte-empreintes-avec-retention-copia","status":"publish","type":"product","link":"https:\/\/mestrashop.lleset.com\/fr\/producto\/porte-empreintes-avec-retention-copia\/","title":{"rendered":"Porte-empreintes \u00e0 usage unique avec r\u00e9tentions (100 u.)"},"content":{"rendered":"<p>Fabriqu\u00e9s en plastique de haute r\u00e9sistance qui les rendent rigides et ind\u00e9formables. Gr\u00e2ce \u00e0 leur design anatomique et aux diff\u00e9rentes tailles et formes disponibles (10 alternatives), ils s\u2019adaptent \u00e0 tous les patients. Ils sont pourvus d\u2019une r\u00e9tention interne pour \u00e9viter les mouvements ind\u00e9sirables de la p\u00e2te \u00e0 empreintes. De plus la base est sectionn\u00e9e pour pouvoir ais\u00e9ment ouvrir des \u00e9vents -si n\u00e9cessaire- \u00e0 l\u2019aide d\u2019une fraise el lib\u00e9rer ainsi les postes implantaires.<\/p>\n","protected":false},"excerpt":{"rendered":"<p>Fabriqu\u00e9s en plastique de haute r\u00e9sistance qui les rendent rigides et ind\u00e9formables. Gr\u00e2ce \u00e0 leur design anatomique et aux diff\u00e9rentes tailles et formes disponibles (10 alternatives), ils s\u2019adaptent \u00e0 tous les patients. Ils sont pourvus d\u2019une r\u00e9tention interne pour \u00e9viter les mouvements ind\u00e9sirables de la p\u00e2te \u00e0 empreintes. De plus la base est sectionn\u00e9e pour [&hellip;]<\/p>\n","protected":false},"featured_media":21391,"comment_status":"closed","ping_status":"closed","template":"","meta":{"_acf_changed":false},"product_brand":[],"product_cat":[2044],"product_tag":[],"class_list":{"0":"post-21363","1":"product","2":"type-product","3":"status-publish","4":"has-post-thumbnail","6":"product_cat-porte-empreintes","8":"first","9":"instock","10":"purchasable","11":"product-type-variable"},"acf":[],"_links":{"self":[{"href":"https:\/\/mestrashop.lleset.com\/fr\/wp-json\/wp\/v2\/product\/21363","targetHints":{"allow":["GET"]}}],"collection":[{"href":"https:\/\/mestrashop.lleset.com\/fr\/wp-json\/wp\/v2\/product"}],"about":[{"href":"https:\/\/mestrashop.lleset.com\/fr\/wp-json\/wp\/v2\/types\/product"}],"replies":[{"embeddable":true,"href":"https:\/\/mestrashop.lleset.com\/fr\/wp-json\/wp\/v2\/comments?post=21363"}],"wp:featuredmedia":[{"embeddable":true,"href":"https:\/\/mestrashop.lleset.com\/fr\/wp-json\/wp\/v2\/media\/21391"}],"wp:attachment":[{"href":"https:\/\/mestrashop.lleset.com\/fr\/wp-json\/wp\/v2\/media?parent=21363"}],"wp:term":[{"taxonomy":"product_brand","embeddable":true,"href":"https:\/\/mestrashop.lleset.com\/fr\/wp-json\/wp\/v2\/product_brand?post=21363"},{"taxonomy":"product_cat","embeddable":true,"href":"https:\/\/mestrashop.lleset.com\/fr\/wp-json\/wp\/v2\/product_cat?post=21363"},{"taxonomy":"product_tag","embeddable":true,"href":"https:\/\/mestrashop.lleset.com\/fr\/wp-json\/wp\/v2\/product_tag?post=21363"}],"curies":[{"name":"wp","href":"https:\/\/api.w.org\/{rel}","templated":true}]}}