{"id":23862,"date":"2025-09-08T12:30:54","date_gmt":"2025-09-08T10:30:54","guid":{"rendered":"https:\/\/mestrashop.lleset.com\/?post_type=product&#038;p=23862"},"modified":"2025-10-07T14:39:18","modified_gmt":"2025-10-07T12:39:18","slug":"applicateurs-copia","status":"publish","type":"product","link":"https:\/\/mestrashop.lleset.com\/fr\/producto\/applicateurs-copia\/","title":{"rendered":"MICRO APPLICATEUR SUPERFINE &#8211; 1 MM BLANC (400 unit\u00e9s par bo\u00eete)"},"content":{"rendered":"<p>MICRO APPLICATEUR SUPERFINE &#8211; 1 MM BLANC (400 unit\u00e9s par bo\u00eete)<\/p>\n","protected":false},"excerpt":{"rendered":"<p>MICRO APPLICATEUR SUPERFINE &#8211; 1 MM BLANC (400 unit\u00e9s par bo\u00eete)<\/p>\n","protected":false},"featured_media":23876,"comment_status":"closed","ping_status":"closed","template":"","meta":{"_acf_changed":false},"product_brand":[],"product_cat":[1991],"product_tag":[],"class_list":{"0":"post-23862","1":"product","2":"type-product","3":"status-publish","4":"has-post-thumbnail","6":"product_cat-applicateurs","8":"first","9":"instock","10":"purchasable","11":"product-type-simple"},"acf":[],"_links":{"self":[{"href":"https:\/\/mestrashop.lleset.com\/fr\/wp-json\/wp\/v2\/product\/23862","targetHints":{"allow":["GET"]}}],"collection":[{"href":"https:\/\/mestrashop.lleset.com\/fr\/wp-json\/wp\/v2\/product"}],"about":[{"href":"https:\/\/mestrashop.lleset.com\/fr\/wp-json\/wp\/v2\/types\/product"}],"replies":[{"embeddable":true,"href":"https:\/\/mestrashop.lleset.com\/fr\/wp-json\/wp\/v2\/comments?post=23862"}],"wp:featuredmedia":[{"embeddable":true,"href":"https:\/\/mestrashop.lleset.com\/fr\/wp-json\/wp\/v2\/media\/23876"}],"wp:attachment":[{"href":"https:\/\/mestrashop.lleset.com\/fr\/wp-json\/wp\/v2\/media?parent=23862"}],"wp:term":[{"taxonomy":"product_brand","embeddable":true,"href":"https:\/\/mestrashop.lleset.com\/fr\/wp-json\/wp\/v2\/product_brand?post=23862"},{"taxonomy":"product_cat","embeddable":true,"href":"https:\/\/mestrashop.lleset.com\/fr\/wp-json\/wp\/v2\/product_cat?post=23862"},{"taxonomy":"product_tag","embeddable":true,"href":"https:\/\/mestrashop.lleset.com\/fr\/wp-json\/wp\/v2\/product_tag?post=23862"}],"curies":[{"name":"wp","href":"https:\/\/api.w.org\/{rel}","templated":true}]}}