{"id":23907,"date":"2025-09-08T14:00:13","date_gmt":"2025-09-08T12:00:13","guid":{"rendered":"https:\/\/mestrashop.lleset.com\/?post_type=product&#038;p=23907"},"modified":"2025-10-07T14:39:36","modified_gmt":"2025-10-07T12:39:36","slug":"microapplicateur-droit-1-mm-blanc-100-mm-copia","status":"publish","type":"product","link":"https:\/\/mestrashop.lleset.com\/fr\/producto\/microapplicateur-droit-1-mm-blanc-100-mm-copia\/","title":{"rendered":"MICRO APPLICATEUR FIN &#8211; 1,5 MM JAUNE (400 unit\u00e9s par bo\u00eete)"},"content":{"rendered":"<p>MICRO APPLICATEUR FIN &#8211; 1,5 MM JAUNE (400 unit\u00e9s par bo\u00eete)<\/p>\n","protected":false},"excerpt":{"rendered":"<p>MICRO APPLICATEUR FIN &#8211; 1,5 MM JAUNE (400 unit\u00e9s par bo\u00eete)<\/p>\n","protected":false},"featured_media":23910,"comment_status":"closed","ping_status":"closed","template":"","meta":{"_acf_changed":false},"product_brand":[],"product_cat":[1991],"product_tag":[],"class_list":{"0":"post-23907","1":"product","2":"type-product","3":"status-publish","4":"has-post-thumbnail","6":"product_cat-applicateurs","8":"first","9":"instock","10":"purchasable","11":"product-type-simple"},"acf":[],"_links":{"self":[{"href":"https:\/\/mestrashop.lleset.com\/fr\/wp-json\/wp\/v2\/product\/23907","targetHints":{"allow":["GET"]}}],"collection":[{"href":"https:\/\/mestrashop.lleset.com\/fr\/wp-json\/wp\/v2\/product"}],"about":[{"href":"https:\/\/mestrashop.lleset.com\/fr\/wp-json\/wp\/v2\/types\/product"}],"replies":[{"embeddable":true,"href":"https:\/\/mestrashop.lleset.com\/fr\/wp-json\/wp\/v2\/comments?post=23907"}],"wp:featuredmedia":[{"embeddable":true,"href":"https:\/\/mestrashop.lleset.com\/fr\/wp-json\/wp\/v2\/media\/23910"}],"wp:attachment":[{"href":"https:\/\/mestrashop.lleset.com\/fr\/wp-json\/wp\/v2\/media?parent=23907"}],"wp:term":[{"taxonomy":"product_brand","embeddable":true,"href":"https:\/\/mestrashop.lleset.com\/fr\/wp-json\/wp\/v2\/product_brand?post=23907"},{"taxonomy":"product_cat","embeddable":true,"href":"https:\/\/mestrashop.lleset.com\/fr\/wp-json\/wp\/v2\/product_cat?post=23907"},{"taxonomy":"product_tag","embeddable":true,"href":"https:\/\/mestrashop.lleset.com\/fr\/wp-json\/wp\/v2\/product_tag?post=23907"}],"curies":[{"name":"wp","href":"https:\/\/api.w.org\/{rel}","templated":true}]}}