{"id":25416,"date":"2025-10-08T14:37:20","date_gmt":"2025-10-08T12:37:20","guid":{"rendered":"https:\/\/mestrashop.lleset.com\/producto\/cabina-de-repaso-grande-con-aspiracion\/"},"modified":"2025-10-08T14:40:40","modified_gmt":"2025-10-08T12:40:40","slug":"cabina-de-repaso-grande-con-aspiracion","status":"publish","type":"product","link":"https:\/\/mestrashop.lleset.com\/fr\/producto\/cabina-de-repaso-grande-con-aspiracion\/","title":{"rendered":"CABINE D&rsquo;EXAMEN &#8211; GRANDE AVEC VENTOUSE"},"content":{"rendered":"<ul>\n<li>\u00c9clairage LED 3 voies sans ombre.<\/li>\n<li>Grille d&rsquo;a\u00e9ration.<\/li>\n<li>Accoudoir.<\/li>\n<li>Puissant moteur d&rsquo;aspiration int\u00e9gr\u00e9.<\/li>\n<li>Conception \u00e0 r\u00e9duction et filtrage multiples du bruit.<\/li>\n<\/ul>\n","protected":false},"excerpt":{"rendered":"<p>\u00c9clairage LED 3 voies sans ombre. Grille d&rsquo;a\u00e9ration. Accoudoir. Puissant moteur d&rsquo;aspiration int\u00e9gr\u00e9. Conception \u00e0 r\u00e9duction et filtrage multiples du bruit.<\/p>\n","protected":false},"featured_media":25411,"comment_status":"closed","ping_status":"closed","template":"","meta":{"_acf_changed":false},"product_brand":[],"product_cat":[1324],"product_tag":[],"class_list":{"0":"post-25416","1":"product","2":"type-product","3":"status-publish","4":"has-post-thumbnail","6":"product_cat-cabines-de-travail","8":"first","9":"instock","10":"shipping-taxable","11":"purchasable","12":"product-type-simple"},"acf":[],"_links":{"self":[{"href":"https:\/\/mestrashop.lleset.com\/fr\/wp-json\/wp\/v2\/product\/25416","targetHints":{"allow":["GET"]}}],"collection":[{"href":"https:\/\/mestrashop.lleset.com\/fr\/wp-json\/wp\/v2\/product"}],"about":[{"href":"https:\/\/mestrashop.lleset.com\/fr\/wp-json\/wp\/v2\/types\/product"}],"replies":[{"embeddable":true,"href":"https:\/\/mestrashop.lleset.com\/fr\/wp-json\/wp\/v2\/comments?post=25416"}],"wp:featuredmedia":[{"embeddable":true,"href":"https:\/\/mestrashop.lleset.com\/fr\/wp-json\/wp\/v2\/media\/25411"}],"wp:attachment":[{"href":"https:\/\/mestrashop.lleset.com\/fr\/wp-json\/wp\/v2\/media?parent=25416"}],"wp:term":[{"taxonomy":"product_brand","embeddable":true,"href":"https:\/\/mestrashop.lleset.com\/fr\/wp-json\/wp\/v2\/product_brand?post=25416"},{"taxonomy":"product_cat","embeddable":true,"href":"https:\/\/mestrashop.lleset.com\/fr\/wp-json\/wp\/v2\/product_cat?post=25416"},{"taxonomy":"product_tag","embeddable":true,"href":"https:\/\/mestrashop.lleset.com\/fr\/wp-json\/wp\/v2\/product_tag?post=25416"}],"curies":[{"name":"wp","href":"https:\/\/api.w.org\/{rel}","templated":true}]}}